{"id":14,"date":"2018-10-14T15:35:13","date_gmt":"2018-10-14T13:35:13","guid":{"rendered":"https:\/\/groupedeja.com\/?page_id=14"},"modified":"2025-10-29T13:23:09","modified_gmt":"2025-10-29T12:23:09","slug":"presentation","status":"publish","type":"page","link":"https:\/\/groupedeja.com\/index.php\/presentation\/","title":{"rendered":"Pr\u00e9sentation"},"content":{"rendered":"\n<h1>\n\t\t\tPr\u00e9sentation\t<\/h1>\n\t<p>Ouvert \u00e0 l&rsquo;exploration des \u00e9critures et des esth\u00e9tiques contemporaines, mais aussi \u00e0 la transversalit\u00e9 des formes et aux m\u00e9langes des genres, Groupe D\u00e9j\u00e0 con\u00e7oit des spectacles o\u00f9 se croisent th\u00e9\u00e2tre, geste, idiotie, objets manipul\u00e9s, musique, humour, philosophie, sens et non-sens.<\/p>\n<p><strong>Partisan d&rsquo;un th\u00e9\u00e2tre qui cherche son lieu en fonction de son projet, Groupe D\u00e9j\u00e0 ne se revendique ni du th\u00e9\u00e2tre de salle, ni du th\u00e9\u00e2tre de rue, mais du th\u00e9\u00e2tre. Tout court.<\/strong><\/p>\n<p>Groupe D\u00e9j\u00e0 est n\u00e9 en 2013 mais est le fruit d&rsquo;un travail de cr\u00e9ation, d&rsquo;\u00e9criture et de tourn\u00e9es entam\u00e9 en 1992 par son responsable artistique,<a href=\"https:\/\/groupedeja.com\/index.php\/sebastian-lazennec\/\"><strong> S\u00e9bastian Lazennec<\/strong><\/a>, qui rassemble autour de ses projets, une \u00e9quipe d&rsquo;artistes et de techniciens d&rsquo;horizons divers.<\/p>\n<p>Le travail d&rsquo;\u00e9criture des derni\u00e8res cr\u00e9ations est \u00e9labor\u00e9 en \u00e9troite collaboration avec <strong>Antoine Meunier, complice artistique<\/strong>.<\/p>\n<p>Les cr\u00e9ations de Groupe D\u00e9j\u00e0 explorent des moments de vie, confrontent la m\u00e9lancolie et l&rsquo;humour, le vrai et le faux, l&rsquo;absurde et le r\u00e9el, l&rsquo;ordinaire et l&rsquo;extraordinaire, l&rsquo;humain&#8230;.<\/p>\n<p><strong>Sur le fond, Groupe D\u00e9j\u00e0 aime \u00e0 questionner nos solitudes et nos fa\u00e7ons de vivre ensemble<\/strong>. Sur la forme c&rsquo;est le rapport au public et le d\u00e9tournement des codes du th\u00e9\u00e2tre qui int\u00e9ressent Groupe D\u00e9j\u00e0.<\/p>\n\t\t\t\t<img decoding=\"async\" src=\"https:\/\/groupedeja.com\/wp-content\/uploads\/2019\/06\/image-1-presentation-Groupe-Deja.jpg\" alt=\"Groupe D\u00e9j\u00e0 \/ S\u00e9bastian Lazennec \/ th\u00e9\u00e2tre\" itemprop=\"image\" height=\"338\" width=\"750\" title=\"image-1-presentation-Groupe-Deja\" onerror=\"this.style.display='none'\" loading=\"lazy\" \/>\n\t<p><strong>Si Groupe D\u00e9j\u00e0 \u00e9tait un animal, ce serait un Homme&#8230;<\/strong><\/p>\n\t<strong>Groupe D\u00e9j\u00e0 est conventionn\u00e9 avec<\/strong> l&rsquo;\u00c9tat &#8211; Direction R\u00e9gionale des Affaires Culturelles (DRAC) des Pays de la Loire.\u00a0<br \/>\n<strong>Groupe D\u00e9j\u00e0 est conventionn\u00e9 avec<\/strong> le D\u00e9partement de la Sarthe et la Ville du Mans.\u00a0<br \/>\n<strong>Groupe D\u00e9j\u00e0 est soutenu par <\/strong>L&rsquo;\u00c9tat &#8211; DRAC des Pays de la Loire pour ses actions territoriales.\u00a0\n<br \/>\n<strong>Groupe D\u00e9j\u00e0 est adh\u00e9rent <\/strong>au <a href=\"https:\/\/compagnies.org\/\">SCC<\/a> (Syndicat des compagnies de cirque et de cr\u00e9ation), au <a href=\"https:\/\/pole-spectacle-vivant-pdl.fr\/\">P\u00f4le spectacle vivant des Pays de la Loire<\/a>, et \u00e0 l&rsquo;association de pr\u00e9figuration CIES72.\n\n","protected":false},"excerpt":{"rendered":"<p>Pr\u00e9sentation Ouvert \u00e0 l&rsquo;exploration des \u00e9critures et des esth\u00e9tiques contemporaines, mais aussi \u00e0 la transversalit\u00e9 des formes et aux m\u00e9langes des genres, Groupe D\u00e9j\u00e0 con\u00e7oit des spectacles o\u00f9 se croisent th\u00e9\u00e2tre, geste, idiotie, objets manipul\u00e9s, musique, humour, philosophie, sens et non-sens. Partisan d&rsquo;un th\u00e9\u00e2tre qui cherche son lieu en fonction de son projet, Groupe D\u00e9j\u00e0&hellip;<\/p>\n","protected":false},"author":1,"featured_media":0,"parent":0,"menu_order":0,"comment_status":"closed","ping_status":"closed","template":"","meta":{"footnotes":""},"class_list":["post-14","page","type-page","status-publish","hentry"],"_links":{"self":[{"href":"https:\/\/groupedeja.com\/index.php\/wp-json\/wp\/v2\/pages\/14","targetHints":{"allow":["GET"]}}],"collection":[{"href":"https:\/\/groupedeja.com\/index.php\/wp-json\/wp\/v2\/pages"}],"about":[{"href":"https:\/\/groupedeja.com\/index.php\/wp-json\/wp\/v2\/types\/page"}],"author":[{"embeddable":true,"href":"https:\/\/groupedeja.com\/index.php\/wp-json\/wp\/v2\/users\/1"}],"replies":[{"embeddable":true,"href":"https:\/\/groupedeja.com\/index.php\/wp-json\/wp\/v2\/comments?post=14"}],"version-history":[{"count":29,"href":"https:\/\/groupedeja.com\/index.php\/wp-json\/wp\/v2\/pages\/14\/revisions"}],"predecessor-version":[{"id":3086,"href":"https:\/\/groupedeja.com\/index.php\/wp-json\/wp\/v2\/pages\/14\/revisions\/3086"}],"wp:attachment":[{"href":"https:\/\/groupedeja.com\/index.php\/wp-json\/wp\/v2\/media?parent=14"}],"curies":[{"name":"wp","href":"https:\/\/api.w.org\/{rel}","templated":true}]}}