{"id":1492,"date":"2022-11-28T16:51:46","date_gmt":"2022-11-28T15:51:46","guid":{"rendered":"https:\/\/groupedeja.com\/?page_id=1492"},"modified":"2025-12-16T12:31:15","modified_gmt":"2025-12-16T11:31:15","slug":"ce-qui-nous-noue","status":"publish","type":"page","link":"https:\/\/groupedeja.com\/index.php\/ce-qui-nous-noue\/","title":{"rendered":"Ce qui nous noue"},"content":{"rendered":"\n<h1>\n\t\t\tCe qui nous noue\t<\/h1>\n<h2>\n\t\t\tCe qui nous noue\t<\/h2>\n\t<h3><strong>Mise \u00e0 nu joyeuse et cinglante du couple sur le divan th\u00e9\u00e2tral<\/strong><\/h3>\n<p>Le \u00ab couple \u00bb a constamment inspir\u00e9 l&rsquo;Art et la litt\u00e9rature, mais pour autant, rien n&rsquo;est r\u00e9solu. Alors confrontons-nous \u00e0 nouveau \u00e0 ces deux \u00eatres-l\u00e0. Posons \u00e0 nouveau cette grande question : Pourquoi vivre \u00e0 deux ? Mettons le couple sur le divan th\u00e9\u00e2tral ! Lib\u00e9rons-le ! Festoyons-le ! Dans une volont\u00e9 cathartique.<\/p>\n<p>Du d\u00e9sir d&rsquo;\u00eatre en couple au couple sans d\u00e9sir en passant par la passion, les clich\u00e9s amoureux et le quotidien, nous allons diss\u00e9quer, triturer, ausculter et distordre nos comportements de couple au travers d&rsquo;un cadavre exquis de situations. Th\u00e9\u00e2tre du r\u00e9el, tour \u00e0 tour idiot et sauvage, tendre et caustique, amer et po\u00e9tique, Groupe D\u00e9j\u00e0 questionne la pr\u00e9tention du couple \u00e0 son d\u00e9veloppement durable.<\/p>\n\t\t\t\t<img decoding=\"async\" src=\"https:\/\/groupedeja.com\/wp-content\/uploads\/2025\/03\/DSC00744-scaled.jpg\" alt=\"DSC00744\" itemprop=\"image\" height=\"1440\" width=\"2560\" title=\"DSC00744\" onerror=\"this.style.display='none'\" loading=\"lazy\" \/>\n\t\t\t\t<img decoding=\"async\" src=\"https:\/\/groupedeja.com\/wp-content\/uploads\/2025\/03\/Capture-decran-2025-03-04-a-17.39.41.png\" alt=\"Ce qui nous noue - Groupe D\u00e9j\u00e0\" itemprop=\"image\" height=\"1694\" width=\"1694\" title=\"Ce qui nous noue\" onerror=\"this.style.display='none'\" loading=\"lazy\" \/>\n\t<h3><strong>L&rsquo;\u00e9quipe<\/strong><\/h3>\n<strong>Aiguillage artistique du projet : <\/strong>S\u00e9bastian Lazennec<br \/>\n<strong>\u00c9criture : <\/strong>S\u00e9bastian Lazennec et Antoine Meunier<strong><br \/>\nAvec : <\/strong>Lo\u00efs Husson, Antoine Meunier, Hermine Rigot et S\u00e9bastian Lazennec<br \/>\n<strong>Regard ext\u00e9rieur &#8211; mise en sc\u00e8ne : <\/strong>Philippe Nicolle (<a href=\"https:\/\/www.26000couverts.org\/\">26000 couverts<\/a>)<br \/>\n<strong>Regard ext\u00e9rieur &#8211; \u00e9criture : <\/strong>R\u00e9mi De Vos<strong><br \/>\nChor\u00e9graphie et gestuelle : <\/strong>Florence Loison (<a href=\"https:\/\/www.zutanobazar.fr\/\">Zutano BaZar<\/a>)<br \/>\n<strong>Technique vocale et direction de chant : <\/strong>Prunella Rivi\u00e8re (<a href=\"https:\/\/www.les-seagirls.com\/\">Les Sea Girls<\/a>)<strong><br \/>\nCr\u00e9ation lumi\u00e8re et direction technique :<\/strong> Simon Rutten<br \/>\n<strong>Cr\u00e9ation sonore :<\/strong> Julien Leguay<br \/>\n<strong>R\u00e9gie lumi\u00e8re en tourn\u00e9e : <\/strong>Simon Rutten ou Samy Hidous<br \/>\n<strong>R\u00e9gie son en tourn\u00e9e : <\/strong>Julien Leguay ou Fred Piau<strong><br \/>\nSc\u00e9nographie :<\/strong> Fran\u00e7ois Villain<br \/>\n<strong>Couturi\u00e8re-costumi\u00e8re\u00a0:<\/strong> Sandrine Fremont<br \/>\n<strong>Choix des costumes<\/strong><strong>\u00a0: <\/strong>Lo\u00efs Husson<br \/>\n<strong>Voix off :\u00a0<\/strong>Coline Marion, Z\u00e9lie Lazennec, Charlie Tremblay, Noah Lazennec<br \/>\n<strong>Photographie :<\/strong> Pascal Boudet<br \/>\n<strong>Diffusion, production, administration :<\/strong> \u00c9milie M\u00e9tris<br \/>\n<strong>Communication :<\/strong> Laurianne Mari\u00e9\n\t\t\t<a href=\"\" target=\"_self\">\n\t\t\t\t\t\t\tS\u00e9bastian Lazennec\n\t\t\t\t\t<\/a>\n\t\t\t<a href=\"\" target=\"_self\">\n\t\t\t\t\t\t\tAntoine Meunier\n\t\t\t\t\t<\/a>\n\t\t\t<a href=\"\" target=\"_self\">\n\t\t\t\t\t\t\tHermine Rigot\n\t\t\t\t\t<\/a>\n\t\t\t<a href=\"\" target=\"_self\">\n\t\t\t\t\t\t\tLo\u00efs Husson\n\t\t\t\t\t<\/a>\n\t\t<iframe loading=\"lazy\" title=\"&quot;Ce qui nous noue&quot; \/\/ Groupe D\u00e9j\u00e0 \/\/ Teaser du spectacle\" width=\"500\" height=\"281\" src=\"https:\/\/www.youtube.com\/embed\/we88eKI8fow?feature=oembed\" frameborder=\"0\" allow=\"accelerometer; autoplay; clipboard-write; encrypted-media; gyroscope; picture-in-picture; web-share\" referrerpolicy=\"strict-origin-when-cross-origin\" allowfullscreen><\/iframe>\t\n<h3>\n\t\t\tT\u00e9l\u00e9chargez le dossier artistique de \u00ab\u00a0Ce qui nous noue\u00a0\u00bb\t<\/h3>\n<h3>\n\t\t\tQuelques extraits de presse de \u00ab\u00a0Ce qui nous noue\u00a0\u00bb\t<\/h3>\n\t<p><strong>PRESSE OC\u00c9AN, novembre 2024<\/strong><\/p>\n<p>\u00ab\u00a0Le Groupe D\u00e9j\u00e0 questionne nos tourments personnels avec beaucoup d&rsquo;humour et de d\u00e9rision, dans un rapport toujours complice avec le spectateur.\u00a0\u00bb<\/p>\n\t<p><strong>LE MAINE LIBRE, novembre 2024<\/strong><\/p>\n<p>\u00ab\u00a0Les quatre interpr\u00e8tes alternent les sc\u00e8nes dr\u00f4les, absurdes, avec des moments plus difficiles, voire pesants et durs. Chacun peut se reconna\u00eetre \u00e0 un moment et \u00ab Ce qui nous noue \u00bb interroge nos fa\u00e7ons de fonctionner.\u00a0\u00bb<\/p>\n\t\t\t<img decoding=\"async\" loading=\"false\" src=\"https:\/\/groupedeja.com\/wp-content\/uploads\/2025\/03\/Capture-decran-2025-03-04-a-17.56.56.png\" alt=\"Ce qui nous noue - Groupe D\u00e9j\u00e0\" \/>\t\t\t\n\t\t\t<img decoding=\"async\" loading=\"false\" src=\"https:\/\/groupedeja.com\/wp-content\/uploads\/2025\/03\/DSC00744-scaled.jpg\" alt=\"\" \/>\t\t\t\n\t\t\t<img decoding=\"async\" loading=\"false\" src=\"https:\/\/groupedeja.com\/wp-content\/uploads\/2025\/03\/DSC00789-scaled.jpg\" alt=\"Ce qui nous noue - Groupe D\u00e9j\u00e0\" \/>\t\t\t\n\t\t\t<img decoding=\"async\" loading=\"false\" src=\"https:\/\/groupedeja.com\/wp-content\/uploads\/2025\/03\/DSC00883-scaled.jpg\" alt=\"\" \/>\t\t\t\n\t<h3>Partenariats et soutiens<\/h3>\n<p><strong>Coproductions :<\/strong><\/p>\n<ul>\n<li><a href=\"https:\/\/www.quinconces-espal.com\/\" target=\"_blank\" rel=\"noopener\">La Sc\u00e8ne Nationale Les Quinconces et L&rsquo;Espal<\/a> &#8211; Le Mans (72)<\/li>\n<li><a href=\"https:\/\/www.archipel-granville.fr\/\" target=\"_blank\" rel=\"noopener\">L&rsquo;Archipel &#8211; Sc\u00e8ne conventionn\u00e9e d&rsquo;int\u00e9r\u00eat national \u00ab\u00a0Art en territoire\u00a0\u00bb<\/a>&#8211; Granville (50)<\/li>\n<li><a href=\"https:\/\/lecarroi.org\/\" target=\"_blank\" rel=\"noopener\">Le Carroi<\/a> &#8211; La Fl\u00e8che (72)<\/li>\n<li><a href=\"https:\/\/lepreambule.ligne.fr\/les-residences-dartistes\/\">Espace culturel Le Pr\u00e9ambule<\/a> &#8211; Lign\u00e9 (44)<\/li>\n<li><a href=\"https:\/\/www.champilambart.fr\/\">Espace culturel Le Champilambart<\/a> &#8211; Vallet (44)<\/li>\n<li><a href=\"http:\/\/Villages en sc\u00e8ne\">Villages en sc\u00e8ne<\/a> &#8211; Bellevigne en Layon (49)<\/li>\n<li><a href=\"https:\/\/www.muzillac.fr\/2011\/08\/18\/saison-culturelle\/\">Le Vieux Couvent<\/a> &#8211; Muzillac (56)<\/li>\n<li><a href=\"https:\/\/www.coevrons.fr\/article\/les-residences\">P\u00f4le Culturel de Co\u00ebvrons<\/a> &#8211; Evron (53)<\/li>\n<li><a href=\"https:\/\/www.bleu-pluriel.com\/-Residence-et-Secrets-de-fabric-.html\">Bleu Pluriel &#8211; Tr\u00e9gueux<\/a> (22)<\/li>\n<\/ul>\nGroupe D\u00e9j\u00e0 est conventionn\u00e9 avec l&rsquo;\u00c9tat &#8211; DRAC des Pays de la Loire.<br \/>\nGroupe D\u00e9j\u00e0 est conventionn\u00e9 avec le D\u00e9partement de la Sarthe et la Ville du Mans.\n<p><img loading=\"lazy\" decoding=\"async\" src=\"https:\/\/groupedeja.com\/wp-content\/uploads\/2024\/11\/logo_voisinages_trq-300x107.jpg\" alt=\"\" width=\"300\" height=\"107\" \/><\/p>\n<p>Le spectacle est programm\u00e9 dans le cadre de <a href=\"https:\/\/www.paysdelaloire.fr\/mon-conseil-regional\/toute-lactu-de-ma-region\/les-evenements\/voisinages\" target=\"_blank\" rel=\"noopener\">Voisinages<\/a>, dispositif soutenu par la R\u00e9gion des Pays de la Loire.<\/p>\n<p>&nbsp;<\/p>\n<h3>\n\t\t\tPhotographies du spectacle\t<\/h3>\n\t\t\t<a href=\"https:\/\/groupedeja.com\/index.php\/spectacles\/\" target=\"_self\">\n\t\t\t\t\t\t\tRetour page \u00ab\u00a0Spectacles\u00a0\u00bb\n\t\t\t\t\t<\/a>\n\n","protected":false},"excerpt":{"rendered":"<p>Ce qui nous noue Ce qui nous noue Mise \u00e0 nu joyeuse et cinglante du couple sur le divan th\u00e9\u00e2tral Le \u00ab couple \u00bb a constamment inspir\u00e9 l&rsquo;Art et la litt\u00e9rature, mais pour autant, rien n&rsquo;est r\u00e9solu. Alors confrontons-nous \u00e0 nouveau \u00e0 ces deux \u00eatres-l\u00e0. Posons \u00e0 nouveau cette grande question : Pourquoi vivre \u00e0&hellip;<\/p>\n","protected":false},"author":2,"featured_media":0,"parent":0,"menu_order":0,"comment_status":"closed","ping_status":"closed","template":"","meta":{"footnotes":""},"class_list":["post-1492","page","type-page","status-publish","hentry"],"_links":{"self":[{"href":"https:\/\/groupedeja.com\/index.php\/wp-json\/wp\/v2\/pages\/1492","targetHints":{"allow":["GET"]}}],"collection":[{"href":"https:\/\/groupedeja.com\/index.php\/wp-json\/wp\/v2\/pages"}],"about":[{"href":"https:\/\/groupedeja.com\/index.php\/wp-json\/wp\/v2\/types\/page"}],"author":[{"embeddable":true,"href":"https:\/\/groupedeja.com\/index.php\/wp-json\/wp\/v2\/users\/2"}],"replies":[{"embeddable":true,"href":"https:\/\/groupedeja.com\/index.php\/wp-json\/wp\/v2\/comments?post=1492"}],"version-history":[{"count":92,"href":"https:\/\/groupedeja.com\/index.php\/wp-json\/wp\/v2\/pages\/1492\/revisions"}],"predecessor-version":[{"id":3164,"href":"https:\/\/groupedeja.com\/index.php\/wp-json\/wp\/v2\/pages\/1492\/revisions\/3164"}],"wp:attachment":[{"href":"https:\/\/groupedeja.com\/index.php\/wp-json\/wp\/v2\/media?parent=1492"}],"curies":[{"name":"wp","href":"https:\/\/api.w.org\/{rel}","templated":true}]}}