{"id":16,"date":"2018-10-14T15:35:48","date_gmt":"2018-10-14T13:35:48","guid":{"rendered":"https:\/\/groupedeja.com\/?page_id=16"},"modified":"2025-12-20T14:05:04","modified_gmt":"2025-12-20T13:05:04","slug":"sebastian-lazennec","status":"publish","type":"page","link":"https:\/\/groupedeja.com\/index.php\/sebastian-lazennec\/","title":{"rendered":"S\u00e9bastian Lazennec"},"content":{"rendered":"\n<h1>\n\t\t\tS\u00e9bastian Lazennec\t<\/h1>\n\t\t\t\t<img decoding=\"async\" src=\"https:\/\/groupedeja.com\/wp-content\/uploads\/2025\/11\/Sebastian-Lazennec-GFXH7258-PBoudet-768x1024.jpg\" alt=\"Se\u0301bastian Lazennec - Pascal Boudet\" itemprop=\"image\" height=\"1024\" width=\"768\" title=\"Se\u0301bastian Lazennec - Pascal Boudet\" onerror=\"this.style.display='none'\" loading=\"lazy\" \/>\n\t<p>En parall\u00e8le d&rsquo;une formation \u00ab classique \u00bb de com\u00e9dien au <strong>conservatoire d&rsquo;Art dramatique<\/strong> (Le Mans) puis \u00e0 <strong>L&rsquo;\u00e9cole du Passage<\/strong> (Paris) avec <strong>Niels Arestrup et Alexandre del Perugia<\/strong>, S\u00e9bastian Lazennec signe sa premi\u00e8re mise en sc\u00e8ne \u00e0 18 ans : \u00ab Classe terminale \u00bb de Obaldia. D\u00e8s 1992 il co-fonde et co-dirige la Cie <strong>Utopium th\u00e9\u00e2tre et sa structure Utopium productions<\/strong>. Ce qui l&rsquo;am\u00e8nera \u00e0 faire le <strong>tour de l&rsquo;Europe<\/strong> avec ses cr\u00e9ations th\u00e9\u00e2trales. Cette aventure durera 25 ans.<\/p>\n<p>En 2006, pour affirmer une identit\u00e9 artistique plus personnelle et pour pouvoir mettre en sc\u00e8ne une vingtaine de com\u00e9dien\u00b7nes au plateau, il cr\u00e9e le <strong>collectif Grand maximum<\/strong> et travaille avec des com\u00e9dien\u00b7nes non professionnel\u00b7les. En avril 2027, sortira sa seizi\u00e8me cr\u00e9ation avec Grand maximum.<\/p>\n<p>Groupe D\u00e9j\u00e0 na\u00eet ensuite en 2013 suite \u00e0 la <strong>rencontre artistique et humaine avec Antoine Meunier<\/strong>. Groupe D\u00e9j\u00e0 est dirig\u00e9 par S\u00e9bastian et regroupe tout son travail et ses cr\u00e9ations. Ses spectacles explorent des moments de vie, confrontent la m\u00e9lancolie et l&rsquo;humour, le vrai et le faux, l&rsquo;absurde et le r\u00e9aliste, l&rsquo;ordinaire et l&rsquo;extraordinaire, l&rsquo;humain&#8230;<\/p>\n<p>Depuis 1992, S\u00e9bastian n&rsquo;a cess\u00e9 de se former, que ce soit en th\u00e9\u00e2tre avec <strong>Jean-Christophe Meurisse<\/strong>, en clown avec <strong>Michel Dallaire, Catherine Germain, Tom Roos<\/strong>, en cascade avec <strong>St\u00e9phane Filloque<\/strong> ou encore il y a quelques ann\u00e9es avec <strong>Didier Last\u00e8re<\/strong> et <strong>Fran\u00e7ois Chaumette<\/strong>.<\/p>\n<p>Il a \u00e9galement sign\u00e9 plusieurs mises en sc\u00e8nes et regards ext\u00e9rieurs pour les Cies<strong> Th\u00e9 \u00e0 la rue, Micro Focus, Paf th\u00e9\u00e2tre, Zutano Bazar, Glossy Blood<\/strong>, &#8230;<\/p>\n<p>En ad\u00e9quation avec le th\u00e9\u00e2tre et depuis 1993, il n&rsquo;a cess\u00e9 de travailler pour l&rsquo;audio-visuel en tant qu&rsquo;<strong>acteur<\/strong> (Premier et second r\u00f4les dans des courts m\u00e9trages, voix pour lecture de roman audio, r\u00f4les dans films institutionnels et publicit\u00e9s TV, seconds r\u00f4les t\u00e9l\u00e9film France2 et France3&#8230;)<\/p>\n\n","protected":false},"excerpt":{"rendered":"<p>S\u00e9bastian Lazennec En parall\u00e8le d&rsquo;une formation \u00ab classique \u00bb de com\u00e9dien au conservatoire d&rsquo;Art dramatique (Le Mans) puis \u00e0 L&rsquo;\u00e9cole du Passage (Paris) avec Niels Arestrup et Alexandre del Perugia, S\u00e9bastian Lazennec signe sa premi\u00e8re mise en sc\u00e8ne \u00e0 18 ans : \u00ab Classe terminale \u00bb de Obaldia. D\u00e8s 1992 il co-fonde et co-dirige la&hellip;<\/p>\n","protected":false},"author":1,"featured_media":0,"parent":0,"menu_order":0,"comment_status":"closed","ping_status":"closed","template":"","meta":{"footnotes":""},"class_list":["post-16","page","type-page","status-publish","hentry"],"_links":{"self":[{"href":"https:\/\/groupedeja.com\/index.php\/wp-json\/wp\/v2\/pages\/16","targetHints":{"allow":["GET"]}}],"collection":[{"href":"https:\/\/groupedeja.com\/index.php\/wp-json\/wp\/v2\/pages"}],"about":[{"href":"https:\/\/groupedeja.com\/index.php\/wp-json\/wp\/v2\/types\/page"}],"author":[{"embeddable":true,"href":"https:\/\/groupedeja.com\/index.php\/wp-json\/wp\/v2\/users\/1"}],"replies":[{"embeddable":true,"href":"https:\/\/groupedeja.com\/index.php\/wp-json\/wp\/v2\/comments?post=16"}],"version-history":[{"count":17,"href":"https:\/\/groupedeja.com\/index.php\/wp-json\/wp\/v2\/pages\/16\/revisions"}],"predecessor-version":[{"id":3168,"href":"https:\/\/groupedeja.com\/index.php\/wp-json\/wp\/v2\/pages\/16\/revisions\/3168"}],"wp:attachment":[{"href":"https:\/\/groupedeja.com\/index.php\/wp-json\/wp\/v2\/media?parent=16"}],"curies":[{"name":"wp","href":"https:\/\/api.w.org\/{rel}","templated":true}]}}