{"id":18,"date":"2018-10-14T15:36:10","date_gmt":"2018-10-14T13:36:10","guid":{"rendered":"https:\/\/groupedeja.com\/?page_id=18"},"modified":"2025-03-20T15:54:26","modified_gmt":"2025-03-20T14:54:26","slug":"equipe","status":"publish","type":"page","link":"https:\/\/groupedeja.com\/index.php\/equipe\/","title":{"rendered":"\u00c9quipe"},"content":{"rendered":"\n<h1>\n\t\tEquipe\n\t<\/h1>\n\t\t\t\t<img loading=\"lazy\" decoding=\"async\" src=\"https:\/\/groupedeja.com\/wp-content\/uploads\/2019\/06\/sebastian.jpg\" alt=\"S\u00e9bastian Lazennec \/ Groupe D\u00e9j\u00e0 \/ Responsable artistique \/ Com\u00e9dien \/ metteur en sc\u00e8ne \/ Auteur\" itemprop=\"image\" height=\"200\" width=\"300\" title=\"sebastian\" onerror=\"this.style.display='none'\"  \/>\n\t<a href=\"https:\/\/groupedeja.com\/index.php\/sebastian-lazennec\/\" target=\"_blank\" rel=\"noopener\"><strong>S\u00e9bastian Lazennec<\/strong><\/a><br \/>\nResponsable artistique, com\u00e9dien,<br \/>\nmetteur en sc\u00e8ne, auteur\n\t\t\t\t<img loading=\"lazy\" decoding=\"async\" src=\"https:\/\/groupedeja.com\/wp-content\/uploads\/2019\/06\/antoine.jpg\" alt=\"Antoine Meunier \/ Groupe D\u00e9j\u00e0\" itemprop=\"image\" height=\"200\" width=\"300\" title=\"antoine\" onerror=\"this.style.display='none'\"  \/>\n\t<strong>Antoine Meunier<\/strong><br \/>\nCom\u00e9dien, auteur\n\t\t\t\t<img loading=\"lazy\" decoding=\"async\" src=\"https:\/\/groupedeja.com\/wp-content\/uploads\/2019\/06\/Emilie.jpg\" alt=\"Emilie M\u00e9tris \/ Groupe D\u00e9j\u00e0\" itemprop=\"image\" height=\"200\" width=\"300\" title=\"Emilie\" onerror=\"this.style.display='none'\"  \/>\n\t<strong>Emilie M\u00e9tris<\/strong><br \/>\nAdministratrice de production et de tourn\u00e9es\n\t\t\t\t<img loading=\"lazy\" decoding=\"async\" src=\"https:\/\/groupedeja.com\/wp-content\/uploads\/2019\/06\/marc.jpg\" alt=\"Marc Bourasseau\" itemprop=\"image\" height=\"200\" width=\"300\" title=\"marc\" onerror=\"this.style.display='none'\"  \/>\n\t<strong>Marc Bourasseau<\/strong><br \/>\nCompagnon de route\n\t<strong>Laurianne Mari\u00e9<\/strong><br \/>\nCharg\u00e9e de communication\n\t<strong>Simon Rutten<\/strong><br \/>\nR\u00e9gisseur g\u00e9n\u00e9ral,<br \/>\ncr\u00e9ateur lumi\u00e8re\n\t<strong>Julien Leguay<\/strong><br \/>\nTechnicien<br \/>\ncr\u00e9ateur sonore\n\t<strong>J\u00e9r\u00f4me Guilmin<\/strong><br \/>\nR\u00e9gisseur de Grand maximum,<br \/>\ntechnicien\n\t<strong>Samy Hidous<\/strong><br \/>\nTechnicien lumi\u00e8re et son\n\t<strong>Thomas Breheret<\/strong><br \/>\nTechnicien sur<br \/>\n\u00ab\u00a0Cowboy ou indien ?\u00a0\u00bb\n\t<strong>Olivier Clausse \u00ab\u00a0Momo\u00a0\u00bb<br \/>\n<\/strong>Constructeur d\u00e9cor<br \/>\nAcier et bois\n\t<strong>Pascal Boudet,<br \/>\n<\/strong>Photographe<br \/>\nrealisateur\n\t<strong>Nicolas Boutruche<\/strong><br \/>\nR\u00e9alisateur, photographe\n\t<strong>Stanislas Hilairet<\/strong><br \/>\nRegard ext\u00e9rieur sur<br \/>\n\u00ab\u00a0Cowboy ou indien ?\u00a0\u00bb\n\t<strong>Florence Loison<\/strong><br \/>\nChor\u00e9graphe<br \/>\n\u00ab\u00a0Cowboy ou indien ?\u00a0\u00bb, \u00ab\u00a0Ce qui nous noue\u00a0\u00bb\n\t<strong>Servane Deschamps<\/strong><br \/>\nRegard ext\u00e9rieur sur<br \/>\n\u00ab\u00a0Cowboy ou indien ?\u00a0\u00bb\n\t<strong>Hermine Rigot<br \/>\n<\/strong>Com\u00e9dienne sur<br \/>\n\u00ab\u00a0Ce qui nous noue\u00a0\u00bb<strong><br \/>\n<\/strong>\n\t<strong>Lo\u00efs Husson<br \/>\n<\/strong>Com\u00e9dienne sur<br \/>\n\u00ab\u00a0Ce qui nous noue\u00a0\u00bb<strong><br \/>\n<\/strong>\n\t<strong>Vincent Jarry<br \/>\n<\/strong>Constructeur sc\u00e8nographe sur<br \/>\n\u00ab\u00a0Tous les jours\u00a0\u00bb<strong><br \/>\n<\/strong>\n\t<strong>Sarah Quentin<br \/>\n<\/strong>Plasticienne<br \/>\nD\u00e9coratrice \u00ab\u00a0Cowboy ou indien ?\u00a0\u00bb\n\t<strong>Maxime Pichon<br \/>\n<\/strong>Com\u00e9dien sur<br \/>\n\u00ab\u00a0Tous les jours\u00a0\u00bb<strong><br \/>\n<\/strong>\n\t<strong>Fred Piau<br \/>\n<\/strong>Technicien son sur<br \/>\n\u00ab\u00a0Ce qui nous noue\u00a0\u00bb<strong><br \/>\n<\/strong>\n\t<strong>Philippe Nicolle<br \/>\n<\/strong>Mise en sc\u00e8ne sur<br \/>\n\u00ab\u00a0Ce qui nous noue\u00a0\u00bb\n\t<strong>Delphine Aranega<br \/>\n<\/strong>Com\u00e9dienne sur<br \/>\n\u00ab\u00a0Les Raccrocheurs\u00a0\u00bb\n\t<strong>Valentin Orain<br \/>\n<\/strong>Com\u00e9dien sur<br \/>\n\u00ab\u00a0Tous les jours\u00a0\u00bb<strong><br \/>\n<\/strong>\n\t<strong>Fran\u00e7ois Villain<br \/>\n<\/strong>Sc\u00e9nographe sur<br \/>\n\u00ab\u00a0Ce qui nous noue\u00a0\u00bb<strong><br \/>\n<\/strong>\n\t<strong>Sandrine Fremont<br \/>\n<\/strong>Couturi\u00e8re costume sur<br \/>\n\u00ab\u00a0Ce qui nous noue\u00a0\u00bb<strong><br \/>\n<\/strong>\n\t<strong>Caroline Coust\u00e8re<br \/>\n<\/strong>Com\u00e9dienne sur<br \/>\n\u00ab\u00a0Les Raccrocheurs\u00a0\u00bb<strong><br \/>\n<\/strong>\n\t<p>Et d&rsquo;autres encore suivant les projets&#8230;<\/p>\n\n","protected":false},"excerpt":{"rendered":"<p>Equipe S\u00e9bastian Lazennec Responsable artistique, com\u00e9dien, metteur en sc\u00e8ne, auteur Antoine Meunier Com\u00e9dien, auteur Emilie M\u00e9tris Administratrice de production et de tourn\u00e9es Marc Bourasseau Compagnon de route Laurianne Mari\u00e9 Charg\u00e9e de communication Simon Rutten R\u00e9gisseur g\u00e9n\u00e9ral, cr\u00e9ateur lumi\u00e8re Julien Leguay Technicien cr\u00e9ateur sonore J\u00e9r\u00f4me Guilmin R\u00e9gisseur de Grand maximum, technicien Samy Hidous Technicien lumi\u00e8re et&hellip;<\/p>\n","protected":false},"author":1,"featured_media":0,"parent":0,"menu_order":0,"comment_status":"closed","ping_status":"closed","template":"","meta":{"footnotes":""},"class_list":["post-18","page","type-page","status-publish","hentry"],"_links":{"self":[{"href":"https:\/\/groupedeja.com\/index.php\/wp-json\/wp\/v2\/pages\/18","targetHints":{"allow":["GET"]}}],"collection":[{"href":"https:\/\/groupedeja.com\/index.php\/wp-json\/wp\/v2\/pages"}],"about":[{"href":"https:\/\/groupedeja.com\/index.php\/wp-json\/wp\/v2\/types\/page"}],"author":[{"embeddable":true,"href":"https:\/\/groupedeja.com\/index.php\/wp-json\/wp\/v2\/users\/1"}],"replies":[{"embeddable":true,"href":"https:\/\/groupedeja.com\/index.php\/wp-json\/wp\/v2\/comments?post=18"}],"version-history":[{"count":21,"href":"https:\/\/groupedeja.com\/index.php\/wp-json\/wp\/v2\/pages\/18\/revisions"}],"predecessor-version":[{"id":2879,"href":"https:\/\/groupedeja.com\/index.php\/wp-json\/wp\/v2\/pages\/18\/revisions\/2879"}],"wp:attachment":[{"href":"https:\/\/groupedeja.com\/index.php\/wp-json\/wp\/v2\/media?parent=18"}],"curies":[{"name":"wp","href":"https:\/\/api.w.org\/{rel}","templated":true}]}}