{"id":20,"date":"2018-10-14T15:36:21","date_gmt":"2018-10-14T13:36:21","guid":{"rendered":"https:\/\/groupedeja.com\/?page_id=20"},"modified":"2025-11-07T12:41:11","modified_gmt":"2025-11-07T11:41:11","slug":"presse","status":"publish","type":"page","link":"https:\/\/groupedeja.com\/index.php\/presse\/","title":{"rendered":"Presse"},"content":{"rendered":"\n<h1>\n\t\t\tPresse\t<\/h1>\n<h2>\n\t\t\tGroupe D\u00e9j\u00e0 dans la presse\t<\/h2>\n\t\t\t\t<img decoding=\"async\" src=\"https:\/\/groupedeja.com\/wp-content\/uploads\/2019\/06\/Groupe-Deja-presse2.jpg\" alt=\"Groupe D\u00e9j\u00e0 - Photo de presse\" itemprop=\"image\" height=\"400\" width=\"648\" title=\"Groupe-Deja-presse2\" onerror=\"this.style.display='none'\" loading=\"lazy\" \/>\n\t\t\t\t<img decoding=\"async\" src=\"https:\/\/groupedeja.com\/wp-content\/plugins\/bb-plugin\/img\/pixel.png\" alt=\"\" itemprop=\"image\" onerror=\"this.style.display='none'\" loading=\"lazy\" \/>\n\t\t\t\t<img decoding=\"async\" src=\"https:\/\/groupedeja.com\/wp-content\/uploads\/2025\/10\/DSC09878-retouche-scaled.jpg\" alt=\"Tous les jours - plateau\" itemprop=\"image\" height=\"1440\" width=\"2560\" title=\"DSC09878 retouche\" onerror=\"this.style.display='none'\" loading=\"lazy\" \/>\n\t<p><strong><a href=\"https:\/\/www.ouest-france.fr\/culture\/un-spectacle-choc-sur-le-harcelement-scolaire-dans-le-cadre-de-la-saison-culturelle-a-sable-0d3ad8ca-b996-11f0-b227-510f72443e00\">OUEST FRANCE<\/a>, novembre 2025<\/strong><\/p>\n<p><strong>Groupe D\u00e9j\u00e0 &#8211; <em>Tous les jours<\/em><\/strong><\/p>\n<p>Un spectacle-choc sur le harc\u00e8lement scolaire&#8230;<\/p>\n\t<p><strong><a href=\"https:\/\/www.journal-laterrasse.fr\/sebastian-lazennec-et-antoine-meunier-devoilent-cowboy-ou-indien-une-fresque-fraternelle\/\">LA TERRASSE<\/a>, <b>Ana\u00efs<\/b>\u00a0<b>Heluin, <\/b>Festival OFF Avignon 2025<\/strong><\/p>\n<p><strong>Groupe D\u00e9j\u00e0 &#8211; <em>Cowboy ou indien ?<\/em><\/strong><\/p>\n<p>En mettant en parall\u00e8le la vie d&rsquo;adulte et les jeux de r\u00f4les de l&rsquo;enfance, le Groupe D\u00e9j\u00e0 interroge la persistance du lien fraternel \u00e0 travers le temps et ses transformations.<\/p>\n\t<p><strong><a href=\"https:\/\/coupsdoeil.fr\/2025\/07\/cowboy-ou-indien-mon-frere-ce-bel-ennemi-complice\/\">COUPS D&rsquo;OEIL<\/a>, Marie-C\u00e9line Nivi\u00e8re<b>, <\/b>Festival OFF Avignon 2025<\/strong><\/p>\n<p><strong>Groupe D\u00e9j\u00e0 &#8211; <em>Cowboy ou indien ?<\/em><\/strong><\/p>\n<p>Ils nous tendent un formidable miroir o\u00f9 il fait bon se regarder. Bravo.<\/p>\n\t<p><strong>L&rsquo;HUMANIT\u00c9, G\u00e9rald Rossi<b>, <\/b>Festival OFF Avignon 2025<\/strong><\/p>\n<p><strong>Groupe D\u00e9j\u00e0 &#8211; <em>Cowboy ou indien ?<\/em><\/strong><\/p>\n<p>Cocktail de tendresse, de nostalgie et d&rsquo;humour.<\/p>\n\t<p><strong><a href=\"https:\/\/manithea.wordpress.com\/2025\/07\/07\/cowboy-ou-indien\/\">MANITHEA<\/a>, Catherine Correze<b>, <\/b>Festival OFF Avignon 2025<\/strong><\/p>\n<p><strong>Groupe D\u00e9j\u00e0 &#8211; <em>Cowboy ou indien ?<\/em><\/strong><\/p>\n<p>Cette pi\u00e8ce parle de chacun de nous. Du poids de l&rsquo;enfance dans l&rsquo;adulte.<\/p>\n\t\t\t\t<img decoding=\"async\" src=\"https:\/\/groupedeja.com\/wp-content\/uploads\/2024\/05\/IMGE3461-scaled.jpg\" alt=\"Cowboy ou indien ? - Pascal Boudet\" itemprop=\"image\" height=\"1707\" width=\"2560\" title=\"Cowboy ou indien ? - Pascal Boudet\" onerror=\"this.style.display='none'\" loading=\"lazy\" \/>\n\t<p><strong><a href=\"https:\/\/mon-festival-d-avignon.blog4ever.com\/cow-boy-ou-indien-la-manufacture-off\">mon-festival-d-avignon.blog4ever.com<\/a>, Jean-R\u00e9my Turgis,\u00a0Festival OFF Avignon 2025<\/strong><\/p>\n<p><strong>Groupe D\u00e9j\u00e0 &#8211; <em>Cowboy ou indien ?<\/em><\/strong><\/p>\n<p>Ce qui ne se dit que rarement entre fr\u00e8res, ou soeurs.<\/p>\n\t\t\t\t<img decoding=\"async\" src=\"https:\/\/groupedeja.com\/wp-content\/uploads\/2025\/03\/DSC00789-scaled.jpg\" alt=\"Ce qui nous noue - Groupe D\u00e9j\u00e0\" itemprop=\"image\" height=\"1440\" width=\"2560\" title=\"Ce qui nous noue\" onerror=\"this.style.display='none'\" loading=\"lazy\" \/>\n\t<p><strong>PRESSE OC\u00c9AN, novembre 2024<\/strong><\/p>\n<p><strong>Groupe D\u00e9j\u00e0 &#8211; <em>Ce qui nous noue<\/em><\/strong><\/p>\n<p>Le Groupe D\u00e9j\u00e0 questionne nos tourments personnels avec beaucoup d&rsquo;humour et de d\u00e9rision, dans un rapport toujours complice avec le spectateur.<\/p>\n\t<p><strong>OUEST FRANCE, novembre 2024<\/strong><\/p>\n<p><strong>Groupe D\u00e9j\u00e0 &#8211; <em>Ce qui nous noue<\/em><\/strong><\/p>\n<em>La Sc\u00e8ne nationale du Mans pour la premi\u00e8re du nouveau spectacle du Groupe D\u00e9j\u00e0<strong><br \/>\n<\/strong><\/em>La compagnie de th\u00e9\u00e2tre mancelle s&rsquo;est fait un nom depuis des dizaines d&rsquo;ann\u00e9es sur les planches du d\u00e9partement de la Sarthe et en r\u00e9gion. Depuis 2019, elle travaille en partenariat avec la Sc\u00e8ne nationale. Pour la premi\u00e8re de son dernier spectacle, le groupe d\u00e9j\u00e0 affiche complet sur les planches de l&rsquo;Espal. Il reste bien quelques places qui vont \u00eatre remises en vente au dernier moment, mais \u00e0 peine sortie que\u00a0la derni\u00e8re cr\u00e9ation du Groupe d\u00e9j\u00e0\u00a0est un succ\u00e8s.\n\t<p><strong>PRESSE OC\u00c9AN, mars 2023<\/strong><\/p>\n<strong>Groupe D\u00e9j\u00e0 &#8211; <em>Cowboy ou indien ?<br \/>\n<\/em><\/strong>\n<p>Pr\u00e9f\u00e9rence familiale, diff\u00e9rence d&rsquo;\u00e9ducation, secret au sein de la famille, mais aussi l&rsquo;abandon, l&rsquo;incompr\u00e9hension, les frustrations de nos vies d&rsquo;adultes, l&rsquo;\u00e9loignement, la perte des \u00eatres chers&#8230; tout y est.\u00a0La pi\u00e8ce relate avec humour et candeur, ces petits moments d&rsquo;o\u00f9 naissent rivalit\u00e9 et solidarit\u00e9.\u00a0<em>Cowboy ou indien\u00a0?<\/em>\u00a0est une sorte de voyage \u00e9motionnel \u00e0 travers l&rsquo;existence.<\/p>\n\t\t\t\t<img decoding=\"async\" src=\"https:\/\/groupedeja.com\/wp-content\/uploads\/2019\/06\/Cowboy-ou-indien-Groupe-Deja-photo2.jpg\" alt=\"Cowboy ou indien ? Groupe D\u00e9j\u00e0 \/ Th\u00e9atre \/ S\u00e9bastian Lazennec \/ Antoine Meunier\" itemprop=\"image\" height=\"500\" width=\"750\" title=\"Cowboy-ou-indien-Groupe-Deja-photo2\" onerror=\"this.style.display='none'\" loading=\"lazy\" \/>\n\t<p><strong>LE COURRIER DE L&rsquo;OUEST, avril 2022\u00a0<\/strong><\/p>\n<p><strong>Groupe D\u00e9j\u00e0 &#8211; <em>AMI(S)<\/em><\/strong><\/p>\n<em>Au parc Debussy, une vie de chien incarn\u00e9e par Groupe D\u00e9j\u00e0<br \/>\n<\/em>Sans d\u00e9semparer, durant plus d&rsquo;une heure, Antoine Meunier et son r\u00e9gisseur Simon Rutten, ont emmen\u00e9 le public dans l&rsquo;irrationnel et l&rsquo;absurde tout en conservant le lien avec la r\u00e9alit\u00e9 des \u00e9motions. Irrationnel car une bo\u00eete de conserve, un escarpin, un livre, une bo\u00eete de cr\u00e8me liquide, un paquet de cigarettes ou un lapin en peluche, \u00e7a ne parle pas&#8230; Et pourtant, ce bon Walter les a anim\u00e9s pour illustrer l&rsquo;absurdit\u00e9 du comportement humain. De l&rsquo;homme ou de l&rsquo;animal, lequel est la b\u00eate\u00a0?\n\t\t\t\t<img decoding=\"async\" src=\"https:\/\/groupedeja.com\/wp-content\/uploads\/2024\/08\/Cowboy-ou-indien-_PascalBoudet.png\" alt=\"Cowboy ou indien ?\" itemprop=\"image\" height=\"1908\" width=\"2870\" title=\"Cowboy ou indien ?\" onerror=\"this.style.display='none'\" loading=\"lazy\" \/>\n\t<p><strong>LE COURRIER DE L&rsquo;OUEST, avril 2022\u00a0<\/strong><\/p>\n<p><strong>Groupe D\u00e9j\u00e0 &#8211; <em>Cowboy ou indien ?<\/em><\/strong><\/p>\n<p>On rit des rivalit\u00e9s entre fr\u00e8res, des coups bas, des jeux d&rsquo;enfants, des souvenirs heureux, des impatiences. On rit beaucoup et on l\u00e2che une larme. L&rsquo;abandon, l&rsquo;incompr\u00e9hension, les frustrations de nos vies d&rsquo;adultes, l&rsquo;\u00e9loignement, la perte des \u00eatres chers&#8230; Tout y est. On sort de l\u00e0 avec l&rsquo;envie farouche d&rsquo;appeler ses fr\u00e8res et s\u0153urs et de leur dire :\u00a0<q>Je t&rsquo;aime. Malgr\u00e9 tout, je t&rsquo;aime.<\/q><\/p>\n\t<p><strong>OUEST FRANCE, f\u00e9vrier 2019<\/strong><\/p>\n<p><strong>Groupe D\u00e9j\u00e0 &#8211; <em>Cowboy ou indien ?\u00a0<\/em><\/strong><\/p>\n<p>D\u00e8s l&rsquo;enfance, des choses se mettent en place, jalousie, diff\u00e9rence d&rsquo;\u00e9ducation, secrets qui peuvent, s&rsquo;ils perdurent, devenir des blessures \u00e0 l&rsquo;\u00e2ge adulte. Derri\u00e8re la violence des mots et des corps, \u00e0 travers les luttes et ses non-dits, il n&rsquo;y aura qu&rsquo;une seule chose finalement qui transpire : l&rsquo;amour qu&rsquo;ils se portent.<\/p>\n\t<p><strong>TELERAMA, Juin 2017<\/strong><\/p>\n<p><strong>Groupe D\u00e9j\u00e0 &#8211; <em>Ami(s)\u00a0 <\/em><\/strong>TT On aime beaucoup<\/p>\n<p>Depuis le pal\u00e9olithique, le chien est le meilleur ami de l&rsquo;homme. Support de croyances et de rites religieux, il est m\u00eame devenu un \u00ab lubrifiant social \u00bb. Walter en apporte un vibrant t\u00e9moignage. Ce sympathique canid\u00e9 vivait avec Fred, avant qu&rsquo;il ne d\u00e9m\u00e9nage dans une autre cit\u00e9. Il a partag\u00e9 sa vie, ses amours, ses soir\u00e9es foot entre copains, ses vacances au ski&#8230; Pour raconter son histoire, il utilise tout ce qu&rsquo;il trouve dans une poubelle (briques de lait, canettes, chaussures, livres, peluches&#8230;). Entre conte surr\u00e9aliste et th\u00e9\u00e2tre d&rsquo;objets, la performance d&rsquo;Antoine Meunier, d\u00e9couverte lors de sa cr\u00e9ation, en 2015, au festival d&rsquo;Aurillac, est insolite. Avec un humour imparable et des gags irr\u00e9sistibles, il anime cette fable domestique refl\u00e9tant une soci\u00e9t\u00e9 qui part \u00e0 la d\u00e9rive.<\/p>\n\t\t\t\t<img decoding=\"async\" src=\"https:\/\/groupedeja.com\/wp-content\/uploads\/2018\/10\/amis_galery.jpg\" alt=\"AMI(S) Groupe D\u00e9j\u00e0 th\u00e9\u00e2tre\" itemprop=\"image\" height=\"500\" width=\"750\" title=\"amis_galery\" onerror=\"this.style.display='none'\" loading=\"lazy\" \/>\n\t<p><strong>LA TERRASSE, Juin 2019<\/strong><\/p>\n<p><strong>Groupe D\u00e9j\u00e0 &#8211;<em> Ami(s)<\/em><\/strong><\/p>\n<p>Qu&rsquo;est-ce que l&rsquo;amiti\u00e9\u00a0? Pourquoi avoir des amis\u00a0? Qui sont-ils\u00a0? En a-t-on vraiment\u00a0? Comment les garder\u00a0? Autant de questions universelles que les r\u00e9seaux sociaux contribuent \u00e0 red\u00e9finir ou re-explorer. Avec humour, la compagnie \u00ab\u00a0Groupe d\u00e9j\u00e0\u00a0\u00bb a pris l&rsquo;adage \u00ab\u00a0le chien est le meilleur ami de l&rsquo;homme\u00a0\u00bb \u00e0 la lettre pour interroger l&rsquo;amiti\u00e9 \u00e0 travers la parole d&rsquo;un chien, spectateur de la vie de son ma\u00eetre. L&rsquo;animal &#8211; incarn\u00e9 par Antoine Meunier qui a co-\u00e9crit le texte de la pi\u00e8ce avec son metteur en sc\u00e8ne S\u00e9bastian Lazennec &#8211; a \u00e9t\u00e9 choisi parce que \u00ab\u00a0<em>n&rsquo;ayant pas tous les codes sociaux qui re\u0301gissent nos manie\u0300res de penser et de parler, il va pouvoir exposer son point de vue (&#8230;) sans retenue, avec une certaine na\u00efvete\u0301 et une liberte\u0301 de ton bien plus grande qu&rsquo;un autre humain. C&rsquo;est un tre\u0300s bon point de vue pour traiter de l&rsquo;intimite\u0301 de l&rsquo;humain, de ses forces, de ses faiblesses, de ses failles<\/em>\u00a0\u00bb, expliquent les auteurs. Dans ce solo de th\u00e9\u00e2tre, la manipulation d&rsquo;objets et l&rsquo;humour tiennent une grande place. Un spectacle qui a du chien.<\/p>\n<p><strong>Isabelle Stibbe<\/strong><\/p>\n\t\t\t\t<img decoding=\"async\" src=\"https:\/\/groupedeja.com\/wp-content\/uploads\/2019\/06\/Groupe-Deja-AMIS-theatre-Meunier-Lazennec-1.jpg\" alt=\"Groupe D\u00e9j\u00e0 AMI(S) th\u00e9\u00e2tre Groupe D\u00e9j\u00e0\" itemprop=\"image\" height=\"500\" width=\"500\" title=\"Groupe-Deja-AMIS-theatre-Meunier-Lazennec\" onerror=\"this.style.display='none'\" loading=\"lazy\" \/>\n\t<strong>INFO-CHALON, Juillet 2017<br \/>\n<\/strong>\n<p><strong> Groupe D\u00e9j\u00e0 &#8211; <em>Ami(s)<\/em><\/strong><\/p>\n<p>Avec Ami(s), de Groupe D\u00e9j\u00e0, vous ne verrez plus les chiens comme avant. Un spectacle \u00e0 ne pas manquer.<\/p>\n<p>Avec le spectacle Ami(s), Walter, un chien, raconte comment il per\u00e7oit les humains. Et le moins que l&rsquo;on puisse dire, c&rsquo;est qu&rsquo;il ne fait pas dans la demi-mesure\u00a0! \u00ab\u00a0<em>Le chien est le meilleur ami de l&rsquo;Homme\u00a0! Vous nous avez demand\u00e9 \u00e0 nous si l&rsquo;Homme est le meilleur ami du chien\u00a0?<\/em>\u00a0\u00bb, demande celui qui a comme pote un \u00ab\u00a0<em>chien \u00e0 punk<\/em>\u00a0\u00bb et qui vient de quitter son humain. Walter se pose beaucoup de questions concernant les relations et rituels des humains\u00a0et adore les vacances\u00a0: \u00ab\u00a0<em>c&rsquo;est vraiment l\u00e0 que vous \u00eates le plus proches de nous, vous pensez qu&rsquo;\u00e0 bouffer, dormir et copuler<\/em>\u00a0\u00bb.<\/p>\n<p>Ami(s), par un regard tr\u00e8s d\u00e9cal\u00e9 sur l&rsquo;esp\u00e8ce humaine, n&rsquo;a pas manqu\u00e9 de faire rire les spectateurs durant la repr\u00e9sentation \u00e0 laquelle a assist\u00e9 Info-chalon.com. Si l&rsquo;histoire pourrait changer votre vision des chiens, elle pourrait surtout changer votre perception des humains. Un spectacle \u00e0 ne pas manquer\u00a0!<\/p>\n\t<strong>Blog de vivantmag.fr, Aout 2017<br \/>\n<\/strong>\n<p><strong>Groupe D\u00e9j\u00e0 &#8211; <em>Ami(s)<\/em><\/strong><\/p>\n<p>&#8230;Quelle surprise. La performance th\u00e9\u00e2trale et l&rsquo;\u00e9criture de ce spectacle m&#8217;embarquent tr\u00e8s vite dans l&rsquo;histoire et avec beaucoup de plaisir.<\/p>\n<p>A travers Walter le chien, souvent nomm\u00e9 comme \u00ab\u00a0le meilleur ami\u00a0de l&rsquo;homme\u00a0\u00bb, on nous parle des relations humaines et surtout de l&rsquo;amiti\u00e9. Je suis agr\u00e9ablement surprise par la performance du com\u00e9dien qui nous embarque dans cette histoire simple et tr\u00e8s bien trait\u00e9e. Je suis tr\u00e8s attentive \u00e0 ce chien qui veut nous faire comprendre que nos relations humaines, qu&rsquo;il s&rsquo;agisse du couple ou des relations amicales, sont parfois teint\u00e9es d&rsquo;isolement, d&rsquo;hypocrisie, de col\u00e8re, de confiance, d&rsquo;infid\u00e9lit\u00e9s, de f\u00eates, d&rsquo;\u00e9coute mais aussi d&rsquo;incompr\u00e9hension. Une sorte de complexit\u00e9 quotidienne aux contradictions r\u00e9guli\u00e8res. Walter prend donc de la distance avec \u00ab\u00a0son humain\u00a0\u00bb\u00a0comme il le nommera (son ma\u00eetre) pour \u00e9voquer ce qui l&rsquo;am\u00e8ne \u00e0 s&rsquo;isoler depuis un certain moment. Il nous fera part de ce qu&rsquo;il ressent lui aussi de son c\u00f4t\u00e9, l&rsquo;isolement et l&rsquo;ennui n&rsquo;appartiennent pas qu&rsquo;\u00e0 l&rsquo;homme.<\/p>\n<p>Le temps qui passe, nos obligations ainsi que la pr\u00e9sence pr\u00e9pond\u00e9rante de l&rsquo;\u00e9cran dans notre vie sont les th\u00e8mes de fond que nous pourront suivre du d\u00e9but \u00e0 la fin de la performance. Une description originale de nos comportements sociaux \u00e0 travers le th\u00e9\u00e2tre d&rsquo;objets. Inutile d&rsquo;en dire plus sur le contenu de la pi\u00e8ce, elle demande \u00e0 \u00eatre vue.<\/p>\n<p>Concernant la mise en sc\u00e8ne, je peux dire qu&rsquo;elle est simple et pourtant originale et tr\u00e8s bien pens\u00e9e. Ce sont nos propres d\u00e9chets qui permettront \u00e0 nous, spectateurs, de suivre les diff\u00e9rents personnages hauts en couleur. J&rsquo;ai appr\u00e9ci\u00e9 l&rsquo;utilisation de ces objets au cours de l&rsquo;histoire, toute\u00a0en finesse et bien men\u00e9e puisque malgr\u00e9 plusieurs personnages, je ne me m&rsquo;y suis pas perdue une seconde. Une sc\u00e8ne m&rsquo;a d&rsquo;autant plus surprise par l&rsquo;usage original de la musique et des objets. Il fallait y penser.<\/p>\n<p>Beaucoup d&rsquo;humour et de tendresse dans cette \u00e9criture. Et puis il faut le dire, le com\u00e9dien a du chien\u00a0! C&rsquo;est une certitude.\u00a0Alors malgr\u00e9 la chaleur et le soleil qui frappe, je peux dire que j&rsquo;ai pass\u00e9 un tr\u00e8s bon moment gr\u00e2ce \u00e0 Groupe D\u00e9j\u00e0. Merci.<\/p>\n<p>Allez-y\u00a0!<\/p>\n\t\t\t\t<img decoding=\"async\" src=\"https:\/\/groupedeja.com\/wp-content\/uploads\/2019\/06\/AMIS-Groupe-Deja-Lazennec-Meunier-5.jpg\" alt=\"AMI(S) Groupe D\u00e9j\u00e0 th\u00e9\u00e2tre Sebastian Lazennec Antoine Meunier\" itemprop=\"image\" height=\"750\" width=\"500\" title=\"AMIS-Groupe-Deja-Lazennec-Meunier-5\" onerror=\"this.style.display='none'\" loading=\"lazy\" \/>\n\t\t\t\t<img decoding=\"async\" src=\"https:\/\/groupedeja.com\/wp-content\/uploads\/2019\/06\/AMIS-Groupe-Deja-Lazennec-Meunier.jpg\" alt=\"AMI(S) Groupe D\u00e9j\u00e0\" itemprop=\"image\" height=\"500\" width=\"750\" title=\"AMIS-Groupe-Deja-Lazennec-Meunier\" onerror=\"this.style.display='none'\" loading=\"lazy\" \/>\n\t<strong>LA MONTAGNE, Aout 2017<br \/>\n<\/strong>Festival d&rsquo;Aurillac : nos six coups de coeur du off\n<p><strong>Groupe D\u00e9j\u00e0 &#8211;<em> Ami(s)<\/em><\/strong><\/p>\n<p>C&rsquo;est l&rsquo;histoire d&rsquo;un chien. Racont\u00e9 par l&rsquo;int\u00e9ress\u00e9. Un brave. Lui. S\u00fbrement \u00e0 la diff\u00e9rence de ceux qui l&rsquo;entouraient et qui bavaient sur tout le monde sit\u00f4t le dos tourn\u00e9. Walter raconte. Ils n&rsquo;aboient pas. Et les souvenirs passent. C&rsquo;est beau, tendre et un peu mordant.<\/p>\n\t<strong>OUEST FRANCE, F\u00e9vrier 2015<br \/>\n<\/strong>\n<p><strong><\/strong><strong>Groupe D\u00e9j\u00e0 &#8211; <\/strong><em>Ami(s)<\/em><\/p>\n<p>S\u00e9bastian Lazennec, Antoine Meunier et Simon Rutten pr\u00e9sentent <em>Ami(s), <\/em>ce vendredi soir, \u00e0 l&rsquo;espace du Narais. Une pi\u00e8ce de th\u00e9\u00e2tre sur l&rsquo;amiti\u00e9, vue par un chien \u00e0 travers la relation qu&rsquo;il partage avec son ma\u00eetre.<\/p>\n<p>Le chien, meilleur ami de l&rsquo;homme. L&rsquo;adage a inspir\u00e9 S\u00e9bastian Lazennec, com\u00e9dien et metteur en sc\u00e8ne et Antoine Meunier, com\u00e9dien, tous deux formant la compagnie D\u00e9j\u00e0. Initialement, la pi\u00e8ce de th\u00e9\u00e2tre qu&rsquo;ils pr\u00e9sentent ce soir, avec Simon Rutten \u00e0 la cr\u00e9ation lumi\u00e8re, est venue de l&rsquo;envie d&rsquo;Antoine de cr\u00e9er un solo sur sc\u00e8ne. Puis le th\u00e8me de l&rsquo;amiti\u00e9 a fait son apparition.<\/p>\n<p>Antoine a couch\u00e9 sur papier une premi\u00e8re version, S\u00e9bastian y a ajout\u00e9 sa plume et le tout a donn\u00e9<em> Ami(s), <\/em>la premi\u00e8re pi\u00e8ce de la compagnie<em>. <\/em><strong>\u00ab L&rsquo;amiti\u00e9 a sans doute \u00e9volu\u00e9 comme la soci\u00e9t\u00e9 \u00e9volue. Avec ses r\u00e9seaux sociaux, notamment,<\/strong> souligne Antoine, <strong>les param\u00e8tres de l&rsquo;amiti\u00e9 ont forc\u00e9ment boug\u00e9. \u00bb <\/strong>Le jeune com\u00e9dien incarne une dizaine de personnages. Et Walter, le chien qui <strong>\u00ab s&rsquo;est barr\u00e9 \u00bb <\/strong>et <strong>\u00ab raconte son ma\u00eetre et les amis de son ma\u00eetre \u00bb.<\/strong><\/p>\n<p>Ce soir, la compagnie propose une r\u00e9p\u00e9tition publique \u00e0 l&rsquo;espace du Narais. Une fin de travail qu&rsquo;elle veut montrer au public, en esp\u00e9rant des retours. <strong>\u00ab On veut \u00eatre s\u00fbr que ce qu&rsquo;on veut dire est bien compris \u00bb, <\/strong>pr\u00e9cise Antoine.<strong> \u00ab Au bout d&rsquo;un moment, \u00e7a fait un an et demi qu&rsquo;on travaille cette pi\u00e8ce, on n&rsquo;a plus le recul n\u00e9cessaire. On a besoin que notre travail soit confront\u00e9 au public \u00bb,<\/strong> ajoute S\u00e9bastian.<\/p>\n<p>La pi\u00e8ce et le jeu sont r\u00e9alistes, <strong>\u00ab proches des pr\u00e9occupations des gens \u00bb. <\/strong>Et l&rsquo;humour intervient, comme souvent avec ces artistes, pour mieux nous interroger.<\/p>\n\t<p><strong>SUD OUEST, D\u00e9cembre 2011<\/strong><\/p>\n<p><strong>Groupe D\u00e9j\u00e0 &#8211; <em>Mon grand oncle<\/em><\/strong><\/p>\n<p>&#8230;\u00ab\u00a0Mon grand-oncle\u00a0\u00bb, de et avec S\u00e9bastian Lazennec. C&rsquo;est \u00e0 la lecture publique du testament de son grand-oncle, passionn\u00e9 de Pyr\u00e9n\u00e9es et de chaussures, que le personnage convie le public. Entre dr\u00f4lerie et path\u00e9tique, une ambiance hors du temps s&rsquo;installe, port\u00e9e par un com\u00e9dien qui joue des silences et du public avec finesse.<\/p>\n\t\t\t\t<img decoding=\"async\" src=\"https:\/\/groupedeja.com\/wp-content\/uploads\/2018\/10\/mon-grand-oncle-sebastien-lazennec.jpg\" alt=\"Mon Grand Oncle S\u00e9bastian Lazennec Groupe D\u00e9j\u00e0 Th\u00e9\u00e2tre intimiste de dehors vers dedans\" itemprop=\"image\" height=\"500\" width=\"750\" title=\"mon-grand-oncle-sebastien-lazennec\" onerror=\"this.style.display='none'\" loading=\"lazy\" \/>\n\t<p><strong>LE PARISIEN, Mai 2010<\/strong><\/p>\n<p><strong>Groupe D\u00e9j\u00e0 &#8211; <em>Mon grand oncle<\/em><\/strong><\/p>\nParmi les coups de coeur de G\u00e9rard Caballero, directeur artistique du festival \u00ab Printemps des Rues \u00bb \u00e0<br \/>\nParis, on notera le solo de th\u00e9\u00e2tre intitul\u00e9 \u00ab Mon grand oncle \u00bb, du com\u00e9dien S\u00e9bastian Lazennec, qui promet d&rsquo;\u00eatre \u00ab touchant \u00bb.\n\t<p><strong>TELERAMA, Mai 2010<\/strong><\/p>\n<p>TTT On aime passionn\u00e9ment<\/p>\n<p><strong>Groupe D\u00e9j\u00e0 &#8211; <em>Mon grand oncle<\/em><\/strong><\/p>\n\u00ab\u00a0&#8230;S\u00e9bastian Lazennec incarne le h\u00e9ros path\u00e9tique de ce drame familial. Et nous l\u00e8gue \u00e0 jamais un moment de th\u00e9\u00e2tre<br \/>\n\u00e9mouvant, singulier et inoubliable&#8230;\u00a0\u00bb\n\t\t\t\t<img decoding=\"async\" src=\"https:\/\/groupedeja.com\/wp-content\/uploads\/2019\/06\/Mon-grand-oncle-GroupeDeja.jpg\" alt=\"Mon grand oncle - Groupe D\u00e9j\u00e0 - S\u00e9bastian Lazennec - Th\u00e9\u00e2tre\" itemprop=\"image\" height=\"500\" width=\"500\" title=\"Mon-grand-oncle-GroupeDeja\" onerror=\"this.style.display='none'\" loading=\"lazy\" \/>\n\t<p><strong>FLORIANE GABER \/ FLUCTUAT.NET, Ao\u00fbt 08<\/strong><\/p>\n<p><strong>Groupe D\u00e9j\u00e0 &#8211; <em>Mon grand oncle<\/em><\/strong><\/p>\n<p>\u00ab\u00a0&#8230;Lazennec qualifie sa proposition de \u00ab th\u00e9\u00e2tre intimiste \u00bb, et il n&rsquo;a pas tort. Du th\u00e9\u00e2tre, il a la formation et l&rsquo;exp\u00e9rience ; c&rsquo;est un acteur rod\u00e9, comp\u00e9tent. Le rapport intime au spectateur, on le trouve dans le dispositif choisi : tout le monde s&rsquo;entasse dans le pr\u00e9tendu appartement du grand oncle. Mais au-del\u00e0 de \u00e7a, c&rsquo;est le personnage lui-m\u00eame, con\u00e7u et cr\u00e9\u00e9 par S\u00e9bastian Lazennec, et son rapport au public convoqu\u00e9 qui fait mouche. \u00ab\u00a0&#8230;\u00a0\u00bb le ton, le regard, les mimiques jouent avec habilet\u00e9 sur la corde raide du \u00ab vrai faux \u00bb. Lazennec a cr\u00e9\u00e9 l\u00e0 un texte et un r\u00f4le qui pourraient sans probl\u00e8me \u00eatre jou\u00e9s de mani\u00e8re r\u00e9aliste, \u00ab s\u00e9rieuse \u00bb, et tirer larmes et frissons aux spectateurs. Lui, fait na\u00eetre des sourires, des rires complices, et il a sans doute raison : les messages les plus forts passent mieux quand le public n&rsquo;a pas l&rsquo;impression qu&rsquo;on lui fait la morale. C&rsquo;est tout en douceur que le drame familial est d\u00e9voil\u00e9 et l&rsquo;\u00e9motion, r\u00e9elle, na\u00eet \u00e0 la sortie du spectacle, quand on repense \u00e0 ce couple oncle-neveu qui finalement nous ressemble.\u00a0\u00bb<\/p>\n\t<p><strong> Stradda\u00a0\u00bb (le magazine de la cr\u00e9ation hors les murs), Janvier 2008, <\/strong>Article de <strong>Julie Bordenave<\/strong><\/p>\n<p><strong>Groupe D\u00e9j\u00e0 &#8211; <em>Mon Grand oncle<\/em><\/strong><\/p>\n<p>&#8230;S&rsquo;\u00e9loignant de la cr\u00e9ation collective qu&rsquo;il nourrit depuis quinze ans au sein d&rsquo;Utopium th\u00e9\u00e2tre, S\u00e9bastian Lazennec nous offre un beau moment de th\u00e9\u00e2tre intimiste, travaill\u00e9 avec la complicit\u00e9 de Am\u00e9d\u00e9e Renoux (codirecteur artistique de la compagnie &lsquo;Th\u00e9 \u00e0 la Rue\u00a0\u00bb). Comme le disait Jean-Luc Courcoult, \u00ab\u00a0la qualit\u00e9 du souvenir d\u00e9pend du choc de l&rsquo;impact\u00a0\u00bb. S\u00e9bastian Lazennec laisse une jolie \u00e9raflure dans nos m\u00e9moires.\u00a0\u00bb<\/p>\n\n","protected":false},"excerpt":{"rendered":"<p>Presse Groupe D\u00e9j\u00e0 dans la presse OUEST FRANCE, novembre 2025 Groupe D\u00e9j\u00e0 &#8211; Tous les jours Un spectacle-choc sur le harc\u00e8lement scolaire&#8230; LA TERRASSE, Ana\u00efs\u00a0Heluin, Festival OFF Avignon 2025 Groupe D\u00e9j\u00e0 &#8211; Cowboy ou indien ? En mettant en parall\u00e8le la vie d&rsquo;adulte et les jeux de r\u00f4les de l&rsquo;enfance, le Groupe D\u00e9j\u00e0 interroge la&hellip;<\/p>\n","protected":false},"author":1,"featured_media":0,"parent":0,"menu_order":0,"comment_status":"closed","ping_status":"closed","template":"","meta":{"footnotes":""},"class_list":["post-20","page","type-page","status-publish","hentry"],"_links":{"self":[{"href":"https:\/\/groupedeja.com\/index.php\/wp-json\/wp\/v2\/pages\/20","targetHints":{"allow":["GET"]}}],"collection":[{"href":"https:\/\/groupedeja.com\/index.php\/wp-json\/wp\/v2\/pages"}],"about":[{"href":"https:\/\/groupedeja.com\/index.php\/wp-json\/wp\/v2\/types\/page"}],"author":[{"embeddable":true,"href":"https:\/\/groupedeja.com\/index.php\/wp-json\/wp\/v2\/users\/1"}],"replies":[{"embeddable":true,"href":"https:\/\/groupedeja.com\/index.php\/wp-json\/wp\/v2\/comments?post=20"}],"version-history":[{"count":22,"href":"https:\/\/groupedeja.com\/index.php\/wp-json\/wp\/v2\/pages\/20\/revisions"}],"predecessor-version":[{"id":3131,"href":"https:\/\/groupedeja.com\/index.php\/wp-json\/wp\/v2\/pages\/20\/revisions\/3131"}],"wp:attachment":[{"href":"https:\/\/groupedeja.com\/index.php\/wp-json\/wp\/v2\/media?parent=20"}],"curies":[{"name":"wp","href":"https:\/\/api.w.org\/{rel}","templated":true}]}}