{"id":22,"date":"2018-10-14T15:37:24","date_gmt":"2018-10-14T13:37:24","guid":{"rendered":"https:\/\/groupedeja.com\/?page_id=22"},"modified":"2026-03-04T12:10:16","modified_gmt":"2026-03-04T11:10:16","slug":"spectacles","status":"publish","type":"page","link":"https:\/\/groupedeja.com\/index.php\/spectacles\/","title":{"rendered":"Spectacles"},"content":{"rendered":"\n<h1>\n\t\t\tSpectacles en tourn\u00e9e\t<\/h1>\n\t<p>Cliquez sur chaque image pour entrer et avoir les infos sur les spectacles en tourn\u00e9e<\/p>\n<figure itemscope itemtype=\"https:\/\/schema.org\/ImageObject\">\n\t\t\t\t<a href=\"https:\/\/groupedeja.com\/index.php\/inhumaines-de-philippe-claudel\/\"  target=\"_self\" itemprop=\"url\">\n\t\t\t\t<img decoding=\"async\" src=\"https:\/\/groupedeja.com\/wp-content\/uploads\/2026\/03\/inhumaines-couverture.jpg\" alt=\"Inhumaines\" height=\"500\" width=\"715\" title=\"Inhumaines de Philippe Claudel\" onerror=\"this.style.display='none'\" loading=\"lazy\" \/>\n\t\t\t\t<\/a>\n\t<\/figure>\n<figure itemscope itemtype=\"https:\/\/schema.org\/ImageObject\">\n\t\t\t\t<a href=\"https:\/\/groupedeja.com\/index.php\/cowboy-ou-indien\/\"  target=\"_self\" itemprop=\"url\">\n\t\t\t\t<img decoding=\"async\" src=\"https:\/\/groupedeja.com\/wp-content\/uploads\/2019\/11\/Cowboy-ou-indien.jpg\" alt=\"Groupe D\u00e9j\u00e0 Cowboy ou indien ? Th\u00e9\u00e2tre spectacle Fratrie S\u00e9bastian Lazennec et Antoine Meunier\" height=\"500\" width=\"750\" title=\"Cowboy ou indien ?\" onerror=\"this.style.display='none'\" loading=\"lazy\" \/>\n\t\t\t\t<\/a>\n\t<\/figure>\n<figure itemscope itemtype=\"https:\/\/schema.org\/ImageObject\">\n\t\t\t\t<a href=\"https:\/\/groupedeja.com\/index.php\/touslesjours\/\"  target=\"_self\" itemprop=\"url\">\n\t\t\t\t<img decoding=\"async\" src=\"https:\/\/groupedeja.com\/wp-content\/uploads\/2023\/11\/couverture-TLJ.-jpg.jpg\" alt=\"Tous les jours\" height=\"500\" width=\"715\" title=\"Tous les jours\" onerror=\"this.style.display='none'\" loading=\"lazy\" \/>\n\t\t\t\t<\/a>\n\t<\/figure>\n<figure itemscope itemtype=\"https:\/\/schema.org\/ImageObject\">\n\t\t\t\t<a href=\"https:\/\/groupedeja.com\/index.php\/les-raccrocheurs\/\"  target=\"_self\" itemprop=\"url\">\n\t\t\t\t<img decoding=\"async\" src=\"https:\/\/groupedeja.com\/wp-content\/uploads\/2019\/11\/Les-Raccrocheurs.jpg\" alt=\"Les Raccrocheurs - Groupe D\u00e9j\u00e0 \/ th\u00e9\u00e2tre invisible \/ Decrochage scolaire\" height=\"485\" width=\"750\" title=\"Les Raccrocheurs\" onerror=\"this.style.display='none'\" loading=\"lazy\" \/>\n\t\t\t\t<\/a>\n\t<\/figure>\n<figure itemscope itemtype=\"https:\/\/schema.org\/ImageObject\">\n\t\t\t\t<a href=\"https:\/\/groupedeja.com\/index.php\/ce-qui-nous-noue\"  target=\"_self\" itemprop=\"url\">\n\t\t\t\t<img decoding=\"async\" src=\"https:\/\/groupedeja.com\/wp-content\/uploads\/2023\/11\/bandeau-CQNN-1.jpg\" alt=\"Ce qui nous noue\" height=\"500\" width=\"715\" title=\"Ce qui nous noue\" onerror=\"this.style.display='none'\" loading=\"lazy\" \/>\n\t\t\t\t<\/a>\n\t<\/figure>\n<figure itemscope itemtype=\"https:\/\/schema.org\/ImageObject\">\n\t\t\t\t<a href=\"https:\/\/groupedeja.com\/index.php\/amis\/\"  target=\"_self\" itemprop=\"url\">\n\t\t\t\t<img decoding=\"async\" src=\"https:\/\/groupedeja.com\/wp-content\/uploads\/2019\/11\/AMIS.jpg\" alt=\"AMI(S) Groupe D\u00e9j\u00e0 Antoine Meunier et Sebastian Lazennec th\u00e9\u00e2tre et manipulation d'objets\" height=\"500\" width=\"750\" title=\"AMI(S) Groupe D\u00e9j\u00e0\" onerror=\"this.style.display='none'\" loading=\"lazy\" \/>\n\t\t\t\t<\/a>\n\t<\/figure>\n<figure itemscope itemtype=\"https:\/\/schema.org\/ImageObject\">\n\t\t\t\t<a href=\"https:\/\/groupedeja.com\/index.php\/mon-grand-oncle\/\"  target=\"_self\" itemprop=\"url\">\n\t\t\t\t<img decoding=\"async\" src=\"https:\/\/groupedeja.com\/wp-content\/uploads\/2019\/11\/Mon-grand-oncle.jpg\" alt=\"Mon grand oncle - Groupe D\u00e9j\u00e0 - S\u00e9bastian Lazennec - Th\u00e9\u00e2tre\" height=\"500\" width=\"750\" title=\"Mon grand oncle\" onerror=\"this.style.display='none'\" loading=\"lazy\" \/>\n\t\t\t\t<\/a>\n\t<\/figure>\n\n","protected":false},"excerpt":{"rendered":"<p>Spectacles en tourn\u00e9e Cliquez sur chaque image pour entrer et avoir les infos sur les spectacles en tourn\u00e9e<\/p>\n","protected":false},"author":1,"featured_media":0,"parent":0,"menu_order":0,"comment_status":"closed","ping_status":"closed","template":"","meta":{"footnotes":""},"class_list":["post-22","page","type-page","status-publish","hentry"],"_links":{"self":[{"href":"https:\/\/groupedeja.com\/index.php\/wp-json\/wp\/v2\/pages\/22","targetHints":{"allow":["GET"]}}],"collection":[{"href":"https:\/\/groupedeja.com\/index.php\/wp-json\/wp\/v2\/pages"}],"about":[{"href":"https:\/\/groupedeja.com\/index.php\/wp-json\/wp\/v2\/types\/page"}],"author":[{"embeddable":true,"href":"https:\/\/groupedeja.com\/index.php\/wp-json\/wp\/v2\/users\/1"}],"replies":[{"embeddable":true,"href":"https:\/\/groupedeja.com\/index.php\/wp-json\/wp\/v2\/comments?post=22"}],"version-history":[{"count":68,"href":"https:\/\/groupedeja.com\/index.php\/wp-json\/wp\/v2\/pages\/22\/revisions"}],"predecessor-version":[{"id":3226,"href":"https:\/\/groupedeja.com\/index.php\/wp-json\/wp\/v2\/pages\/22\/revisions\/3226"}],"wp:attachment":[{"href":"https:\/\/groupedeja.com\/index.php\/wp-json\/wp\/v2\/media?parent=22"}],"curies":[{"name":"wp","href":"https:\/\/api.w.org\/{rel}","templated":true}]}}