{"id":26,"date":"2018-10-14T15:38:02","date_gmt":"2018-10-14T13:38:02","guid":{"rendered":"https:\/\/groupedeja.com\/?page_id=26"},"modified":"2025-12-24T11:15:25","modified_gmt":"2025-12-24T10:15:25","slug":"collectif-grand-maximum","status":"publish","type":"page","link":"https:\/\/groupedeja.com\/index.php\/collectif-grand-maximum\/","title":{"rendered":"Collectif Grand Maximum"},"content":{"rendered":"\n<h1>\n\t\t\tGrand maximum\t<\/h1>\n<h3>\n\t\t\tGroupe D\u00e9j\u00e0 \/ S\u00e9bastian Lazennec dirige le collectif Grand maximum (Com\u00e9dien\u00b7nes non professionnel\u00b7les)\t<\/h3>\n\t\t\t\t<img decoding=\"async\" src=\"https:\/\/groupedeja.com\/wp-content\/uploads\/2019\/06\/Groupe-Deja-Sous-la-douche-Grand-maximum.jpg\" alt=\"Groupe D\u00e9j\u00e0 \/ Grand maximum \/ S\u00e9bastian lazennec \/ Sous la douche \/ Nicolas Boutruche\" itemprop=\"image\" height=\"243\" width=\"700\" title=\"Groupe-Deja-Sous-la-douche-Grand-maximum\" onerror=\"this.style.display='none'\" loading=\"lazy\" \/>\n\tCr\u00e9\u00e9 en <strong>2006<\/strong>, Grand maximum rassemble une <strong>vingtaine de com\u00e9dien\u00b7nes non professionnel\u00b7les<\/strong> autour du <strong>metteur en sc\u00e8ne et auteur <a href=\"https:\/\/groupedeja.com\/index.php\/sebastian-lazennec\/\" target=\"_blank\" rel=\"noopener\">S\u00e9bastian Lazennec<\/a><\/strong>.<br \/>\n<strong>Au sein de Groupe D\u00e9j\u00e0<\/strong>, en parall\u00e8le de son travail avec des com\u00e9diens professionnels, S\u00e9bastian Lazennec dirige, \u00e9crit et met en sc\u00e8ne les spectacles et interventions du collectif Grand maximum et monte des cr\u00e9ations aussi bien pour les plateaux de th\u00e9\u00e2tres que pour des lieux atypiques et non d\u00e9di\u00e9s ou bien encore pour la rue et l&rsquo;espace public. Le rapport au public et le d\u00e9roulement des spectacles de Grand maximum s&rsquo;arrangent toujours pour casser les codes et sortir du cadre. <strong>Le travail de S\u00e9bastian Lazennec avec les com\u00e9dien\u00b7nes de Grand maximum est port\u00e9, produit et administr\u00e9 par Groupe D\u00e9j\u00e0<\/strong>.\n<strong>En 2026 Grand maximum f\u00eate ses 20 ans !!!<\/strong><br \/>\nPour l&rsquo;occasion <strong>\u00ab\u00a0Ces gens qui vivent trop pr\u00e8s de moi\u00a0\u00bb<\/strong> sera jou\u00e9 au Mans aux Saulni\u00e8res les <strong>12 et 13 mars 2026 \u00e0 20h30<\/strong><br \/>\n<strong>BILLETTERIE ICI : <a href=\"https:\/\/superforma.fr\/ticketing\/event\/1400-Ces-gens-qui-vivent-trop-pres-de-moi\">https:\/\/superforma.fr\/ticketing\/event\/1400-Ces-gens-qui-vivent-trop-pres-de-moi<\/a><\/strong>\n\t\t\t\t<img decoding=\"async\" src=\"https:\/\/groupedeja.com\/wp-content\/uploads\/2019\/06\/Grand-maximum-la-cene.jpg\" alt=\"Grand maximum la Cene \/ Groupe D\u00e9j\u00e0 \/ S\u00e9bastian Lazennec\" itemprop=\"image\" height=\"213\" width=\"500\" title=\"Grand-maximum-la-cene\" onerror=\"this.style.display='none'\" loading=\"lazy\" \/>\n\tLe collectif est bas\u00e9 au Mans, S\u00e9bastian Lazennec recrute parfois de nouvelles\u00b7aux com\u00e9dien\u00b7nes.<br \/>\nR\u00e9sidence de cr\u00e9ations au Mans et villages alentours (72)<br \/>\nLes dates de repr\u00e9sentations de Grand maximum se trouvent aussi sur l&rsquo;<a href=\"https:\/\/groupedeja.com\/index.php\/agenda\/\" target=\"_blank\" rel=\"noopener\">agenda de Groupe D\u00e9j\u00e0<\/a>\n<strong>Plus d&rsquo;infos sur le site de Grand maximum : <a href=\"http:\/\/www.grand-maximum.com\" target=\"_blank\" rel=\"noopener\">www.grand-maximum.com<\/a><\/strong>\n\t\t\t\t<a href=\"http:\/\/www.grand-maximum.com\ufeff\"  target=\"_blank\" rel=\"noopener\"  itemprop=\"url\">\n\t\t\t\t<img decoding=\"async\" src=\"https:\/\/groupedeja.com\/wp-content\/uploads\/2019\/06\/Grand-maximum-logo.jpg\" alt=\"Grand maximum Collectif de com\u00e9diens amateurs encadr\u00e9s par Sebastian Lazennec \/ Groupe D\u00e9j\u00e0\" itemprop=\"image\" height=\"202\" width=\"200\" title=\"Grand-maximum-logo\" onerror=\"this.style.display='none'\" loading=\"lazy\" \/>\n\t\t\t\t<\/a>\n\n","protected":false},"excerpt":{"rendered":"<p>Grand maximum Groupe D\u00e9j\u00e0 \/ S\u00e9bastian Lazennec dirige le collectif Grand maximum (Com\u00e9dien\u00b7nes non professionnel\u00b7les) Cr\u00e9\u00e9 en 2006, Grand maximum rassemble une vingtaine de com\u00e9dien\u00b7nes non professionnel\u00b7les autour du metteur en sc\u00e8ne et auteur S\u00e9bastian Lazennec. Au sein de Groupe D\u00e9j\u00e0, en parall\u00e8le de son travail avec des com\u00e9diens professionnels, S\u00e9bastian Lazennec dirige, \u00e9crit et&hellip;<\/p>\n","protected":false},"author":1,"featured_media":0,"parent":0,"menu_order":0,"comment_status":"closed","ping_status":"closed","template":"","meta":{"footnotes":""},"class_list":["post-26","page","type-page","status-publish","hentry"],"_links":{"self":[{"href":"https:\/\/groupedeja.com\/index.php\/wp-json\/wp\/v2\/pages\/26","targetHints":{"allow":["GET"]}}],"collection":[{"href":"https:\/\/groupedeja.com\/index.php\/wp-json\/wp\/v2\/pages"}],"about":[{"href":"https:\/\/groupedeja.com\/index.php\/wp-json\/wp\/v2\/types\/page"}],"author":[{"embeddable":true,"href":"https:\/\/groupedeja.com\/index.php\/wp-json\/wp\/v2\/users\/1"}],"replies":[{"embeddable":true,"href":"https:\/\/groupedeja.com\/index.php\/wp-json\/wp\/v2\/comments?post=26"}],"version-history":[{"count":21,"href":"https:\/\/groupedeja.com\/index.php\/wp-json\/wp\/v2\/pages\/26\/revisions"}],"predecessor-version":[{"id":3173,"href":"https:\/\/groupedeja.com\/index.php\/wp-json\/wp\/v2\/pages\/26\/revisions\/3173"}],"wp:attachment":[{"href":"https:\/\/groupedeja.com\/index.php\/wp-json\/wp\/v2\/media?parent=26"}],"curies":[{"name":"wp","href":"https:\/\/api.w.org\/{rel}","templated":true}]}}