{"id":32,"date":"2018-10-14T15:38:42","date_gmt":"2018-10-14T13:38:42","guid":{"rendered":"https:\/\/groupedeja.com\/?page_id=32"},"modified":"2025-11-12T17:21:45","modified_gmt":"2025-11-12T16:21:45","slug":"mise-en-scene","status":"publish","type":"page","link":"https:\/\/groupedeja.com\/index.php\/mise-en-scene\/","title":{"rendered":"Mise en sc\u00e8ne"},"content":{"rendered":"\n<h1>\n\t\t\tMises en sc\u00e8ne\t<\/h1>\n\t<p><strong>\u00a0En dehors du travail de cr\u00e9ation et de mise en sc\u00e8ne avec Groupe D\u00e9j\u00e0 et le collectif Grand maximum, S\u00e9bastian Lazennec a \u00e9galement sign\u00e9 des mises en sc\u00e8ne et des regards ext\u00e9rieurs pour des cr\u00e9ations d&rsquo;autres compagnies ou\/et \u00e9v\u00e9nements.<\/strong><\/p>\n<p>2022-2025 :\u00a0 \u00a0Regard exte\u0301rieur mise en sc\u00e8ne \u00e9criture sur <strong>DOUZE<\/strong> de <strong>Glossy Blood &#8211; Le Mans (72)<\/strong><\/p>\n<p>2022 :\u00a0\u00a0\u00a0\u00a0\u00a0\u00a0\u00a0\u00a0\u00a0\u00a0\u00a0\u00a0\u00a0 Regard ext\u00e9rieur mise en sc\u00e8ne et \u00e9criture sur <strong>CHANTAL <\/strong>de<strong> Zutano Bazar <\/strong>(Th\u00e9\u00e2tre et danse) <strong>&#8211; Le Mans (72)<\/strong><\/p>\n<p>2022 :\u00a0\u00a0\u00a0\u00a0\u00a0\u00a0\u00a0\u00a0\u00a0\u00a0\u00a0\u00a0\u00a0 Regard ext\u00e9rieur mise en sc\u00e8ne et \u00e9criture sur <strong>CHANTAL <\/strong>de<strong> Zutano Bazar <\/strong>(Th\u00e9\u00e2tre et danse) <strong>&#8211; Le Mans (72)<\/strong><\/p>\n<p>2018\u00a0:\u00a0\u00a0\u00a0\u00a0\u00a0\u00a0\u00a0\u00a0\u00a0\u00a0\u00a0\u00a0\u00a0 Mise en sc\u00e8ne <strong>Europe et Polaire<\/strong> (Parade) Commande pour le festival <strong>Le Mans fait son cirque<\/strong> <strong>au Mans (72)<\/strong> avec 200 paradeurs amateurs au sein d&rsquo;une parade de 1\u00a0200 personnes sur le th\u00e8me des F\u00eates dans le monde.<\/p>\n<p>2017\u00a0:\u00a0\u00a0\u00a0\u00a0\u00a0\u00a0\u00a0\u00a0\u00a0\u00a0\u00a0\u00a0\u00a0 Co-mise en sc\u00e8ne de l&rsquo;ouverture du festival <strong>Les Accroche-coeurs<\/strong> \u00e0 <strong>Angers (49)<\/strong><\/p>\n<p>2017\u00a0:\u00a0\u00a0\u00a0\u00a0\u00a0\u00a0\u00a0\u00a0\u00a0\u00a0\u00a0\u00a0\u00a0 Regard ext\u00e9rieur <strong>Quatuor Th\u00e9is <\/strong>de<strong> l&rsquo;ONPL <\/strong>(Th\u00e9\u00e2tre et musique) <strong>&#8211; Nantes (44)<\/strong><\/p>\n<p>2016\u00a0:\u00a0\u00a0\u00a0\u00a0\u00a0\u00a0\u00a0\u00a0\u00a0\u00a0\u00a0\u00a0\u00a0 Mise en sc\u00e8ne <strong>La Horde Rouge<\/strong> (Commando de la joie) Commande pour le festival <strong>Les Accroche-C\u0153urs<\/strong>\u00a0avec 16 com\u00e9diens \u00e0 <strong>Angers (49)<\/strong><\/p>\n<p>2016\u00a0:\u00a0\u00a0\u00a0\u00a0\u00a0\u00a0\u00a0\u00a0\u00a0\u00a0\u00a0\u00a0\u00a0 Mise en sc\u00e8ne <strong>AIR<\/strong> (Parade) Commande pour le festival <strong>Le Mans fait son cirque<\/strong> <strong>au Mans (72)<\/strong> avec 350 paradeurs amateurs au sein d&rsquo;une parade de 1\u00a0200 personnes sur le th\u00e8me des Quatre \u00e9l\u00e9ments<\/p>\n<p>2015-2016\u00a0:\u00a0\u00a0 Mise en sc\u00e8ne <strong>OUI<\/strong> (Cirque &#8211; danse &#8211; th\u00e9\u00e2tre) <strong>Collectif Micro Focus &#8211; Marseille (13)<\/strong><\/p>\n<p>2015\u00a0:\u00a0\u00a0\u00a0\u00a0\u00a0\u00a0\u00a0\u00a0\u00a0\u00a0 \u00a0\u00a0 Mise en sc\u00e8ne et aide \u00e0 l&rsquo;\u00e9criture <strong>Hors d&rsquo;\u0153uvre d&rsquo;arts<\/strong> (Th\u00e9\u00e2tre) <strong>PAF th\u00e9\u00e2tre &#8211; Le Mans (72)<\/strong><\/p>\n<p>2011-12\u00a0:\u00a0\u00a0\u00a0\u00a0\u00a0\u00a0\u00a0 Mise en sc\u00e8ne et direction d&rsquo;acteurs\u00a0 (Concert &#8211; Fanfare)<strong> A la gueule du ch&rsquo;val &#8211;\u00a0 Angers(49)<\/strong><\/p>\n<p>2010\u00a0:\u00a0\u00a0\u00a0\u00a0\u00a0\u00a0\u00a0\u00a0\u00a0\u00a0\u00a0\u00a0\u00a0 Mise en sc\u00e8ne et aide \u00e0 l&rsquo;\u00e9criture\u00a0<strong>T&rsquo;as ti toute ta t\u00eate<\/strong> (Jeune public) <strong>PAF th\u00e9\u00e2tre &#8211; Le Mans (72)<\/strong><\/p>\n<p>2009\u00a0:\u00a0\u00a0\u00a0\u00a0\u00a0\u00a0\u00a0\u00a0\u00a0\u00a0\u00a0\u00a0\u00a0 Regard ext\u00e9rieur <strong>Solo<\/strong> (num\u00e9ro de cirque) de <strong>Benjamin Renard &#8211; Le Mans (72)<\/strong><\/p>\n<p>2009\u00a0:\u00a0\u00a0\u00a0\u00a0\u00a0\u00a0\u00a0\u00a0\u00a0\u00a0\u00a0\u00a0\u00a0 Regard ext\u00e9rieur <strong>Le groin dans les \u00e9toiles<\/strong> (th\u00e9\u00e2tre de rue fixe) de <strong>Cie Anorak &#8211; Nantes (44) <\/strong><\/p>\n<p>2009\u00a0:\u00a0 \u00a0\u00a0\u00a0\u00a0\u00a0\u00a0\u00a0\u00a0\u00a0\u00a0\u00a0 Mise en sc\u00e8ne <strong>La mare aux canards<\/strong> (spectacle mobile, intervention) Cie <strong>La pie pi\u00e9tonne &#8211; Le Mans (72)\u00a0<\/strong><\/p>\n<p>2008\u00a0:\u00a0\u00a0\u00a0\u00a0\u00a0\u00a0\u00a0\u00a0\u00a0\u00a0\u00a0\u00a0\u00a0 Regard ext\u00e9rieur <strong>Thomas Farcy<\/strong> (jeune public) Cie <strong>Th\u00e9 a la rue &#8211; Angers (49) <\/strong>.<\/p>\n<p>2006\u00a0:\u00a0 \u00a0\u00a0\u00a0\u00a0\u00a0\u00a0\u00a0\u00a0\u00a0\u00a0\u00a0 Mise en sc\u00e8ne\u00a0<strong>Burlingue\u00a0<\/strong>(th\u00e9\u00e2tre) de G\u00e9rard Levoyer\u00a0<strong>Cie Carambolage &#8211; Le Mans (72)<\/strong><\/p>\n<p>2004\u00a0:\u00a0 \u00a0\u00a0\u00a0\u00a0\u00a0\u00a0\u00a0\u00a0\u00a0\u00a0\u00a0 Mise en sc\u00e8ne et direction d&rsquo;acteurs\u00a0\u00a0<strong>Les fr\u00e8res fada <\/strong>(Concert spectacle Jeune Public) <strong>Les Farfadas &#8211; Angers (49)<\/strong><\/p>\n<p>2004\u00a0: \u00a0\u00a0\u00a0\u00a0\u00a0\u00a0\u00a0\u00a0\u00a0\u00a0\u00a0\u00a0 Mise en sc\u00e8ne<strong>, <\/strong>\u00e9criture <strong>On verra bien <\/strong>(huis clos \u00e9trange et burlesque pour trois clowns sans nez) <strong>G.I.H &#8211; Le Mans (72)<\/strong><\/p>\n<p>2004\u00a0: \u00a0\u00a0 \u00a0\u00a0\u00a0\u00a0\u00a0\u00a0\u00a0\u00a0\u00a0 Mise en sc\u00e8ne <strong>Lombart contre Lombart <\/strong>(th\u00e9\u00e2tre de rue fixe) Cie <strong>Th\u00e9 a la rue -Angers (49)\u00a0<\/strong><\/p>\n<p>2003: \u00a0\u00a0\u00a0\u00a0\u00a0\u00a0\u00a0\u00a0\u00a0\u00a0\u00a0\u00a0\u00a0 Mise en sc\u00e8ne\u00a0<strong>Rouleau de sketchs <\/strong>(caf\u00e9 th\u00e9\u00e2tre)<strong> G.I.H &#8211; Le Mans (72)<\/strong><\/p>\n<p>2000\u00a0:\u00a0\u00a0\u00a0\u00a0\u00a0\u00a0\u00a0\u00a0\u00a0\u00a0\u00a0\u00a0\u00a0 Mise en sc\u00e8ne<strong>, <\/strong>co-\u00e9criture\u00a0<strong>Public et Cie <\/strong>(th\u00e9\u00e2tre de rue fixe) Cie <strong>Th\u00e9 a la rue &#8211; Angers (49)<\/strong><\/p>\n<p>1995\u00a0:\u00a0 \u00a0\u00a0\u00a0\u00a0\u00a0\u00a0\u00a0\u00a0\u00a0\u00a0\u00a0 Mise en sc\u00e8ne <strong>Le naufrage <\/strong>(th\u00e9\u00e2tre) d&rsquo;Eric Westphal. <strong>Utopium th\u00e9\u00e2tre &#8211; Le Mans (72)<\/strong><\/p>\n<p>1994\u00a0: \u00a0\u00a0 \u00a0\u00a0\u00a0\u00a0\u00a0\u00a0\u00a0\u00a0\u00a0 Mise en sc\u00e8ne\u00a0<strong>Fin de partie <\/strong>(th\u00e9\u00e2tre) de S.Beckett. <strong>Le Feu Follet\u00a0&#8211; Le Mans <\/strong> <strong>(72)<\/strong><\/p>\n<p>1992\u00a0: \u00a0\u00a0 \u00a0\u00a0\u00a0\u00a0\u00a0\u00a0\u00a0\u00a0\u00a0 Mise en sc\u00e8ne\u00a0<strong>Classe Terminale<\/strong> (th\u00e9\u00e2tre) de Obaldia. <strong>Utopium th\u00e9\u00e2tre <\/strong>et<strong> Le Feu Follet &#8211; Le Mans (72)<\/strong><\/p>\n\n","protected":false},"excerpt":{"rendered":"<p>Mises en sc\u00e8ne \u00a0En dehors du travail de cr\u00e9ation et de mise en sc\u00e8ne avec Groupe D\u00e9j\u00e0 et le collectif Grand maximum, S\u00e9bastian Lazennec a \u00e9galement sign\u00e9 des mises en sc\u00e8ne et des regards ext\u00e9rieurs pour des cr\u00e9ations d&rsquo;autres compagnies ou\/et \u00e9v\u00e9nements. 2022-2025 :\u00a0 \u00a0Regard exte\u0301rieur mise en sc\u00e8ne \u00e9criture sur DOUZE de Glossy Blood&hellip;<\/p>\n","protected":false},"author":1,"featured_media":0,"parent":0,"menu_order":0,"comment_status":"closed","ping_status":"closed","template":"","meta":{"footnotes":""},"class_list":["post-32","page","type-page","status-publish","hentry"],"_links":{"self":[{"href":"https:\/\/groupedeja.com\/index.php\/wp-json\/wp\/v2\/pages\/32","targetHints":{"allow":["GET"]}}],"collection":[{"href":"https:\/\/groupedeja.com\/index.php\/wp-json\/wp\/v2\/pages"}],"about":[{"href":"https:\/\/groupedeja.com\/index.php\/wp-json\/wp\/v2\/types\/page"}],"author":[{"embeddable":true,"href":"https:\/\/groupedeja.com\/index.php\/wp-json\/wp\/v2\/users\/1"}],"replies":[{"embeddable":true,"href":"https:\/\/groupedeja.com\/index.php\/wp-json\/wp\/v2\/comments?post=32"}],"version-history":[{"count":9,"href":"https:\/\/groupedeja.com\/index.php\/wp-json\/wp\/v2\/pages\/32\/revisions"}],"predecessor-version":[{"id":3140,"href":"https:\/\/groupedeja.com\/index.php\/wp-json\/wp\/v2\/pages\/32\/revisions\/3140"}],"wp:attachment":[{"href":"https:\/\/groupedeja.com\/index.php\/wp-json\/wp\/v2\/media?parent=32"}],"curies":[{"name":"wp","href":"https:\/\/api.w.org\/{rel}","templated":true}]}}