{"id":3215,"date":"2026-03-04T12:02:54","date_gmt":"2026-03-04T11:02:54","guid":{"rendered":"https:\/\/groupedeja.com\/?page_id=3215"},"modified":"2026-03-20T16:37:47","modified_gmt":"2026-03-20T15:37:47","slug":"inhumaines-de-philippe-claudel","status":"publish","type":"page","link":"https:\/\/groupedeja.com\/index.php\/inhumaines-de-philippe-claudel\/","title":{"rendered":"Inhumaines"},"content":{"rendered":"\n<h2>\n\t\t\tInhumaines\t<\/h2>\n<h4>\n\t\t\tde Philippe Claudel\t<\/h4>\n\t<p><strong>Un texte \u00e0 l&rsquo;humour noir et au cynisme d\u00e9brid\u00e9, cruel et dr\u00f4le comme on l&rsquo;aime, situ\u00e9 dans une soci\u00e9t\u00e9 o\u00f9 les protagonistes ont perdu toute humanit\u00e9. Comment \u00e7a presque comme chez nous ?<\/strong><\/p>\n<p>Pour la premi\u00e8re fois, nous allons travailler\u00a0\u00e0 partir d&rsquo;un\u00a0texte qui n&rsquo;est pas de\u00a0S\u00e9bastian Lazennec et\/ou d&rsquo;Antoine Meunier, et qui n&rsquo;est, \u00e0 la base, pas \u00e9crit pour le th\u00e9\u00e2tre : <strong>\u00ab\u00a0Inhumaines\u00a0\u00bb de Philippe Claudel. <\/strong><\/p>\n<p>Nous faisons le pari de nous frotter \u00e0 un texte qui a fait pol\u00e9mique lors de sa sortie en 2017. Cons\u00e9quemment nous pensons qu&rsquo;il est potentiellement difficile \u00e0 diffuser&#8230;<\/p>\n<p>A moins que vous ne nous prouviez le contraire ?<\/p>\n<p>En tous les cas, ce texte nous anime et l&rsquo;id\u00e9e de l&rsquo;adapter nous r\u00e9jouit !<\/p>\n<p>Du dimanche 29 mars au vendredi 3 avril prochain nous allons passer 6 jours en laboratoire de cr\u00e9ation au Mans \u00e0 la Fonderie. Nous convoquons du public et des professionnel\u00b7les d\u00e8s la fin de la r\u00e9sidence pour avoir des retours, et d\u00e9cider si nous donnons une suite \u00e0 ce projet.<\/p>\n<p>Venez d\u00e9couvrir cette tentative th\u00e9\u00e2trale et r\u00e9fl\u00e9chir avec nous\u00a0!<\/p>\n<figure itemscope itemtype=\"https:\/\/schema.org\/ImageObject\">\n\t\t\t\t<img decoding=\"async\" src=\"https:\/\/groupedeja.com\/wp-content\/uploads\/2026\/03\/Capture-decran-2026-03-04-a-11.54.18.png\" alt=\"Photographie : Jancickal de Pixabay \/ Laurianne Mari\u00e9\" height=\"1656\" width=\"1656\" title=\"Inhumaines de Philippe Claudel\" onerror=\"this.style.display='none'\" loading=\"lazy\" \/>\n\t<\/figure>\n\t<p>Photographies : Dieterich, Jancickal, Robert Waghorn de Pixabay \/ Laurianne Mari\u00e9<\/p>\n\t<h4><strong>Sortie de r\u00e9sidence : Vendredi 03 avril 2026 \u00e0 19h <br \/>\nLa Fonderie \/ Le Mans (72)<\/strong><\/h4>\n\t<h5 data-node=\"ad9r2kcg0ijf\">Entr\u00e9e au chapeau &#8211; R\u00e9servations par SMS au 06 72 90 12 37 (Attention, petite jauge !)<br \/>\n\u00a0Conseill\u00e9 \u00e0 partir de 16 ans<\/h5>\n<figure itemscope itemtype=\"https:\/\/schema.org\/ImageObject\">\n\t\t\t\t<img decoding=\"async\" src=\"https:\/\/groupedeja.com\/wp-content\/uploads\/2026\/03\/Capture-decran-2026-03-04-a-11.56.01.png\" alt=\"Photographie : Laurianne Mari\u00e9 \/ Robert Waghorn de Pixabay\" height=\"1794\" width=\"1792\" title=\"Inhumaines de Philippe Claudel\" onerror=\"this.style.display='none'\" loading=\"lazy\" \/>\n\t<\/figure>\n\t<p>&nbsp;<\/p>\nAdaptation de <strong>\u00ab\u00a0Inhumaines\u00a0\u00bb de Philippe Claudel<\/strong><br \/>\n Avec <strong>Marjorie Kellen, Antoine Meunier et S\u00e9bastian Lazennec<\/strong><br \/>\n Lumi\u00e8res <strong>Simon Rutten<br \/>\n<\/strong>Diffusion, production, administration :<strong> \u00c9milie M\u00e9tris<\/strong><br \/>\nCommunication : <strong>Laurianne Mari\u00e9<\/strong>\n<p>&nbsp;<\/p>\n<p>Merci \u00e0 l&rsquo;\u00e9quipe de la Fonderie pour leur accueil de ce projet<\/p>\n<p><strong>\u00a0<\/strong><\/p>\n<h1>\n\t\t\t\u00ab\u00a0Inhumaines\u00a0\u00bb de Philippe Claudel\t<\/h1>\n\t\t\t<a href=\"https:\/\/groupedeja.com\/index.php\/spectacles\/\"  target=\"_self\">\n\t\t\t\t\t\t\tRetour \u00e0 la page \u00ab Spectacles \u00bb\n\t\t\t\t\t<\/a>\n\n","protected":false},"excerpt":{"rendered":"<p>Inhumaines de Philippe Claudel Un texte \u00e0 l&rsquo;humour noir et au cynisme d\u00e9brid\u00e9, cruel et dr\u00f4le comme on l&rsquo;aime, situ\u00e9 dans une soci\u00e9t\u00e9 o\u00f9 les protagonistes ont perdu toute humanit\u00e9. Comment \u00e7a presque comme chez nous ? Pour la premi\u00e8re fois, nous allons travailler\u00a0\u00e0 partir d&rsquo;un\u00a0texte qui n&rsquo;est pas de\u00a0S\u00e9bastian Lazennec et\/ou d&rsquo;Antoine Meunier, et&hellip;<\/p>\n","protected":false},"author":2,"featured_media":0,"parent":0,"menu_order":0,"comment_status":"closed","ping_status":"closed","template":"","meta":{"footnotes":""},"class_list":["post-3215","page","type-page","status-publish","hentry"],"_links":{"self":[{"href":"https:\/\/groupedeja.com\/index.php\/wp-json\/wp\/v2\/pages\/3215","targetHints":{"allow":["GET"]}}],"collection":[{"href":"https:\/\/groupedeja.com\/index.php\/wp-json\/wp\/v2\/pages"}],"about":[{"href":"https:\/\/groupedeja.com\/index.php\/wp-json\/wp\/v2\/types\/page"}],"author":[{"embeddable":true,"href":"https:\/\/groupedeja.com\/index.php\/wp-json\/wp\/v2\/users\/2"}],"replies":[{"embeddable":true,"href":"https:\/\/groupedeja.com\/index.php\/wp-json\/wp\/v2\/comments?post=3215"}],"version-history":[{"count":8,"href":"https:\/\/groupedeja.com\/index.php\/wp-json\/wp\/v2\/pages\/3215\/revisions"}],"predecessor-version":[{"id":3230,"href":"https:\/\/groupedeja.com\/index.php\/wp-json\/wp\/v2\/pages\/3215\/revisions\/3230"}],"wp:attachment":[{"href":"https:\/\/groupedeja.com\/index.php\/wp-json\/wp\/v2\/media?parent=3215"}],"curies":[{"name":"wp","href":"https:\/\/api.w.org\/{rel}","templated":true}]}}