{"id":36,"date":"2018-10-14T15:39:14","date_gmt":"2018-10-14T13:39:14","guid":{"rendered":"https:\/\/groupedeja.com\/?page_id=36"},"modified":"2026-04-10T11:49:42","modified_gmt":"2026-04-10T09:49:42","slug":"actions-culturelles","status":"publish","type":"page","link":"https:\/\/groupedeja.com\/index.php\/actions-culturelles\/","title":{"rendered":"Actions culturelles"},"content":{"rendered":"\n<h1>\n\t\t\tActions culturelles\t<\/h1>\n\t<p>Par les <strong>ateliers en parall\u00e8le des cr\u00e9ations th\u00e9\u00e2trales<\/strong>, les <strong>diff\u00e9rentes \u00e9tapes et formations<\/strong> \u00e0 destination des publics et par son implication dans le <strong>d\u00e9veloppement de la pratique amateur<\/strong> avec le collectif de com\u00e9dien\u00b7nes non professionnelles\u00b7les Grand maximum, Groupe D\u00e9j\u00e0 est fortement engag\u00e9 dans un <strong>processus d&rsquo;actions culturelles<\/strong>. Et ceci principalement sur la <b>R\u00e9gion Pays de la Loire<\/b>.<\/p>\n<p>Voici une liste non exhaustive des actions culturelles de Groupe D\u00e9j\u00e0.<\/p>\n<p><strong>N&rsquo;h\u00e9sitez pas \u00e0 nous contacter pour construire ensemble un projet d&rsquo;action culturelle !<\/strong><\/p>\n<figure itemscope itemtype=\"https:\/\/schema.org\/ImageObject\">\n\t\t\t\t<img decoding=\"async\" src=\"https:\/\/groupedeja.com\/wp-content\/uploads\/2026\/03\/Atelier-LyceeSaintAnne-\u00a9LEntracte-1-scaled-e1774524370914.jpg\" alt=\"Ateliers Tous les jours - Groupe D\u00e9j\u00e0\" height=\"1707\" width=\"2263\" title=\"Atelier-Lyce\u0301eSaintAnne-\u00a9L'Entracte-1\" onerror=\"this.style.display='none'\" loading=\"lazy\" \/>\n\t<\/figure>\n<figure itemscope itemtype=\"https:\/\/schema.org\/ImageObject\">\n\t\t\t\t<img decoding=\"async\" src=\"https:\/\/groupedeja.com\/wp-content\/uploads\/2026\/03\/Atelier-LyceeSaintAnne-\u00a9LEntracte-4-scaled-e1774524197536.jpg\" alt=\"Ateliers Tous les jours - Groupe D\u00e9j\u00e0\" height=\"1263\" width=\"1707\" title=\"Atelier-Lyce\u0301eSaintAnne-\u00a9L'Entracte-4\" onerror=\"this.style.display='none'\" loading=\"lazy\" \/>\n\t<\/figure>\n<figure itemscope itemtype=\"https:\/\/schema.org\/ImageObject\">\n\t\t\t\t<img decoding=\"async\" src=\"https:\/\/groupedeja.com\/wp-content\/plugins\/bb-plugin\/img\/pixel.png\" alt=\"\" onerror=\"this.style.display='none'\" loading=\"lazy\" \/>\n\t<\/figure>\n<h2>\n\t\t\tActions culturelles en milieu scolaire\t<\/h2>\n<h3>\n\t\t\tPetit format\t<\/h3>\n\t<ul>\n<li><strong>Ateliers de d\u00e9couverte du jeu th\u00e9\u00e2tral :<\/strong> exercices d&rsquo;improvisation et de travail du corps dans l&rsquo;espace<br \/>\n<em>D\u00e9j\u00e0 mis en place avec : des lyc\u00e9en\u00b7nes de Rez\u00e9 (44) \/ La Soufflerie,\u00a0<\/em><\/li>\n<li><strong>\u00c9change et jeux th\u00e9\u00e2traux<\/strong> avec les 4 com\u00e9dien\u00b7nes de <a href=\"https:\/\/groupedeja.com\/index.php\/ce-qui-nous-noue\/\">Ce qui nous noue<\/a><br \/>\n<em><\/em><em>D\u00e9j\u00e0 mis en place avec : Le Champilambart \/ Vallet (44) \/ <\/em><em>Lyc\u00e9e Briac\u00e9 et Lyc\u00e9e P\u00e9guy<\/em><\/li>\n<li><strong>\u00c9change et discussion<\/strong> autour du th\u00e8me du harc\u00e8lement et des m\u00e9tiers du spectacle vivant<br \/>\n<em>\u00c0 la suite de toutes les repr\u00e9sentations \u00ab\u00a0hors les murs\u00a0\u00bb de <\/em><a href=\"https:\/\/groupedeja.com\/index.php\/touslesjours\/\">Tous les jours<\/a><\/li>\n<li><strong>Portes ouvertes et <\/strong> <strong>rencontres avec des scolaires<\/strong> sur des journ\u00e9es de r\u00e9p\u00e9titions en p\u00e9riode de r\u00e9sidence de cr\u00e9ation.<\/li>\n<li><strong>Rencontres \u00ab\u00a0bords de sc\u00e8ne\u00a0\u00bb<\/strong> \u00e0 l&rsquo;issue des repr\u00e9sentations<\/li>\n<\/ul>\n<p>&nbsp;<\/p>\n<h3>\n\t\t\tFormat long (CLEAC, etc.) \t<\/h3>\n\t<ul>\n<li><strong>Cr\u00e9ation de proc\u00e8s th\u00e9\u00e2traux<\/strong>\u00a0: \u00e9criture et mise en espace (en parall\u00e8le des repr\u00e9sentations de <a href=\"https:\/\/groupedeja.com\/index.php\/touslesjours\/\" target=\"_blank\" rel=\"noopener noreferrer\" type=\"absoluteLink\"><u>Tous les jours<\/u><\/a><u>)<\/u><br \/>\n<em>Exemples : Proc\u00e8s des \u00e9pinards \u00e0 la cantine, du lego \u00e9cras\u00e9 par m\u00e9garde ou de l&rsquo;amiti\u00e9 au coll\u00e8ge !<\/em><br \/>\n<em><\/em><em>D\u00e9j\u00e0 mis en place avec : Coll\u00e8ge Louis Brevet \/ <\/em><em>Granville (50) \/ CLEAC<\/em><\/li>\n<li><strong>Ateliers d&rsquo;\u00e9criture <\/strong><b>sur le th\u00e8me de la famille r\u00e9elle ou fictive, et mise en espace<\/b> (en parall\u00e8le des repr\u00e9sentations de <a href=\"https:\/\/groupedeja.com\/index.php\/cowboy-ou-indien-2\/\"><u>Cowboy ou indien ?<\/u><\/a><u> )<\/u><\/li>\n<\/ul>\n<p>&nbsp;<\/p>\n\t<p><em><strong>Voir aussi : <a href=\"https:\/\/groupedeja.com\/index.php\/les-raccrocheurs\/\">Th\u00e9\u00e2tre invisible en milieu scolaire<\/a><\/strong><\/em><\/p>\n<h2>\n\t\t\tEn formation sp\u00e9cialis\u00e9e\t<\/h2>\n\t<ul>\n<li><strong>Avec les apprenant\u00b7es de l&rsquo;INM<\/strong> (Institut National des arts du Music Hall) du Mans (72) : <br \/>\n-Laboratoire : Improvisation <br \/>\n-Laboratoire : Jeu dans l&rsquo;espace public <br \/>\n-Laboratoire : \u00ab\u00a0Jouer au pr\u00e9sent\u00a0\u00bb <br \/>\n-Master Class autour de <a href=\"https:\/\/groupedeja.com\/index.php\/ce-qui-nous-noue\/\">Ce qui nous noue<\/a><br \/>\n<br \/>\n<\/li>\n<li><strong>Accompagnement de la classe option th\u00e9\u00e2tre du Lyc\u00e9e Bellevue du Mans<\/strong> (72) (2024-2025) et cr\u00e9ation d&rsquo;une forme de 50 minutes, \u00e0 partir d&rsquo;une \u00e9criture de plateau avec 16 apprenti\u00b7es com\u00e9dien\u00b7nes mises en sc\u00e8ne sur la question de l&rsquo;avenir quand on a 16 ans.\u00a0 <i>En partenariat avec Les Quinconces et l&rsquo;Espal, Sc\u00e8ne nationale du Mans, le Lyc\u00e9e Bellevue et la DRAC des Pays de la Loire.<\/i><\/li>\n<\/ul>\n<p>&nbsp;<\/p>\n<p>&nbsp;<\/p>\n<figure itemscope itemtype=\"https:\/\/schema.org\/ImageObject\">\n\t\t\t\t<img decoding=\"async\" src=\"https:\/\/groupedeja.com\/wp-content\/uploads\/2026\/03\/467422155_10235103176899548_8783911725057610206_n.jpg\" alt=\"Master class avec l'INM\" height=\"1322\" width=\"1897\" title=\"Master class avec l'INM\" onerror=\"this.style.display='none'\" loading=\"lazy\" \/>\n\t<\/figure>\n<figure itemscope itemtype=\"https:\/\/schema.org\/ImageObject\">\n\t\t\t\t<img decoding=\"async\" src=\"https:\/\/groupedeja.com\/wp-content\/plugins\/bb-plugin\/img\/pixel.png\" alt=\"\" onerror=\"this.style.display='none'\" loading=\"lazy\" \/>\n\t<\/figure>\n<figure itemscope itemtype=\"https:\/\/schema.org\/ImageObject\">\n\t\t\t\t<img decoding=\"async\" src=\"https:\/\/groupedeja.com\/wp-content\/plugins\/bb-plugin\/img\/pixel.png\" alt=\"\" onerror=\"this.style.display='none'\" loading=\"lazy\" \/>\n\t<\/figure>\n<figure itemscope itemtype=\"https:\/\/schema.org\/ImageObject\">\n\t\t\t\t<img decoding=\"async\" src=\"https:\/\/groupedeja.com\/wp-content\/uploads\/2026\/03\/487146863_1229647669169434_3762474537801208416_n.jpg\" alt=\"citation\" height=\"2048\" width=\"2048\" title=\"citation\" onerror=\"this.style.display='none'\" loading=\"lazy\" \/>\n\t<\/figure>\n<h2>\n\t\t\tEn milieu p\u00e9nitentiaire\t<\/h2>\n\t<ul>\n<li><strong>Ateliers d&rsquo;\u00e9criture sur le th\u00e8me de la famille et mise en voix<\/strong> en parall\u00e8le de repr\u00e9sentations de <a href=\"https:\/\/groupedeja.com\/index.php\/cowboy-ou-indien-2\/\">Cowboy ou indien ?<\/a>\u00a0&#8211; 2021, 2023.<br \/>\n<br \/>\n<\/li>\n<li><strong>Atelier d\u00e9couverte de la pratique th\u00e9\u00e2trale<\/strong> en parall\u00e8le de repr\u00e9sentations de <a href=\"https:\/\/groupedeja.com\/index.php\/amis\/\">AMI(S)<\/a> &#8211; 2017.<\/li>\n<\/ul>\n<p>&nbsp;<\/p>\n\t<h2>Divers publics<\/h2>\n<ul>\n<li><strong>Ateliers de d\u00e9couverte du jeu th\u00e9\u00e2tral avec des adultes amateur\u00b7ices :<\/strong> exercices d&rsquo;improvisation et de travail du corps dans l&rsquo;espace<br \/>\n<em>D\u00e9j\u00e0 mis en place avec : La Soufflerie \/ Rez\u00e9 (44), <\/em><em>Piano&rsquo;cktail \/ Bouguenais (44)\u00a0<\/em><\/li>\n<li><strong>Ateliers avec des adultes amateur\u00b7ices<\/strong> en parall\u00e8le du spectacle <a href=\"https:\/\/groupedeja.com\/index.php\/ce-qui-nous-noue\/\">Ce qui nous noue<\/a>, cr\u00e9ation d&rsquo;une petite forme sur le couple et restitution<br \/>\n<em><\/em><em>D\u00e9j\u00e0 mis en place avec : Villages en sc\u00e8ne <\/em>\/ Fay d&rsquo;Anjou, Beaulieu sur Layon, Bellevigne en Layon (49)<\/li>\n<li><strong>Atelier initiation \u00ab\u00a0jeu au pr\u00e9sent\u00a0\u00bb avec des adultes amateur\u00b7ices<br \/>\n<\/strong><em>D\u00e9j\u00e0 mis en place avec : Centre culturel Le Coursmenil \/ Lou\u00e9 (72)\u00a0<\/em><\/li>\n<li><b>Laboratoire de formation improvisation<br \/>\n<\/b><em>D\u00e9j\u00e0 mis en place avec Les Zygomatiques &#8211; association de th\u00e9\u00e2tre d&rsquo;improvisation amateur \/ Angers (49)<\/em><\/li>\n<li><strong>Encadrement et mise en sc\u00e8ne de groupe d&rsquo;habitant\u00b7es, d&rsquo;associations ; IME, publics en situation de handicap<\/strong> &#8230; notamment au sein des festivals Le Mans fait son cirque au Mans (72) et Les Accroche-C\u0153urs \u00e0 Angers (49)<\/li>\n<\/ul>\n<figure itemscope itemtype=\"https:\/\/schema.org\/ImageObject\">\n\t\t\t\t<img decoding=\"async\" src=\"https:\/\/groupedeja.com\/wp-content\/uploads\/2026\/04\/pianocktail-fev-2023.jpg\" alt=\"Atelier au Pianocktail\" height=\"2048\" width=\"2048\" title=\"Groupe au Pianocktail 2023\" onerror=\"this.style.display='none'\" loading=\"lazy\" \/>\n\t<\/figure>\n<figure itemscope itemtype=\"https:\/\/schema.org\/ImageObject\">\n\t\t\t\t<img decoding=\"async\" src=\"https:\/\/groupedeja.com\/wp-content\/uploads\/2026\/04\/stagiaires-theatre-de-rue-Utopium-productions-avec-Sebastian-lazennec-scaled.jpg\" alt=\"Stage S\u00e9bastian Lazennec 2016\" height=\"1920\" width=\"2560\" title=\"Stage S\u00e9bastian Lazennec 2016\" onerror=\"this.style.display='none'\" loading=\"lazy\" \/>\n\t<\/figure>\n\t<h2>Stages<\/h2>\n<p>D\u00e9couvrez les stages organis\u00e9s par Groupe D\u00e9j\u00e0, <a href=\"https:\/\/groupedeja.com\/index.php\/stages\/\">ici<\/a>.<\/p>\n\n","protected":false},"excerpt":{"rendered":"<p>Actions culturelles Par les ateliers en parall\u00e8le des cr\u00e9ations th\u00e9\u00e2trales, les diff\u00e9rentes \u00e9tapes et formations \u00e0 destination des publics et par son implication dans le d\u00e9veloppement de la pratique amateur avec le collectif de com\u00e9dien\u00b7nes non professionnelles\u00b7les Grand maximum, Groupe D\u00e9j\u00e0 est fortement engag\u00e9 dans un processus d&rsquo;actions culturelles. Et ceci principalement sur la R\u00e9gion&hellip;<\/p>\n","protected":false},"author":1,"featured_media":0,"parent":0,"menu_order":0,"comment_status":"closed","ping_status":"closed","template":"","meta":{"footnotes":""},"class_list":["post-36","page","type-page","status-publish","hentry"],"_links":{"self":[{"href":"https:\/\/groupedeja.com\/index.php\/wp-json\/wp\/v2\/pages\/36","targetHints":{"allow":["GET"]}}],"collection":[{"href":"https:\/\/groupedeja.com\/index.php\/wp-json\/wp\/v2\/pages"}],"about":[{"href":"https:\/\/groupedeja.com\/index.php\/wp-json\/wp\/v2\/types\/page"}],"author":[{"embeddable":true,"href":"https:\/\/groupedeja.com\/index.php\/wp-json\/wp\/v2\/users\/1"}],"replies":[{"embeddable":true,"href":"https:\/\/groupedeja.com\/index.php\/wp-json\/wp\/v2\/comments?post=36"}],"version-history":[{"count":27,"href":"https:\/\/groupedeja.com\/index.php\/wp-json\/wp\/v2\/pages\/36\/revisions"}],"predecessor-version":[{"id":3309,"href":"https:\/\/groupedeja.com\/index.php\/wp-json\/wp\/v2\/pages\/36\/revisions\/3309"}],"wp:attachment":[{"href":"https:\/\/groupedeja.com\/index.php\/wp-json\/wp\/v2\/media?parent=36"}],"curies":[{"name":"wp","href":"https:\/\/api.w.org\/{rel}","templated":true}]}}