{"id":38,"date":"2018-10-14T15:39:29","date_gmt":"2018-10-14T13:39:29","guid":{"rendered":"https:\/\/groupedeja.com\/?page_id=38"},"modified":"2022-12-08T12:54:58","modified_gmt":"2022-12-08T11:54:58","slug":"contact","status":"publish","type":"page","link":"https:\/\/groupedeja.com\/index.php\/contact\/","title":{"rendered":"Contact"},"content":{"rendered":"\n<h1>\n\t\tContact\n\t<\/h1>\n\t<strong>Groupe D\u00e9j\u00e0<\/strong><br>\n35 rue de Degr\u00e9 &#8211; Hall A &#8211; Appt 303<br>\n72000 le Mans &#8211; Sarthe &#8211; France\nTel : 00 33 (0)6 72 90 12 37<br>\nBureau : 00 33 (0)9 54 22 67 40<br>\n<a href=\"mailto:ecrire@groupedeja.com\">ecrire@groupedeja.com<\/a>\nEmilie M\u00e9tris \/ Charg\u00e9e de production et de tourn\u00e9e<br>\nS\u00e9bastian Lazennec \/ Responsable artistique des projets\n\t\n<div class=\"wpcf7 no-js\" id=\"wpcf7-f1837-o1\" lang=\"fr-FR\" dir=\"ltr\" data-wpcf7-id=\"1837\">\n<div class=\"screen-reader-response\"><p role=\"status\" aria-live=\"polite\" aria-atomic=\"true\"><\/p> <ul><\/ul><\/div>\n<form action=\"\/index.php\/wp-json\/wp\/v2\/pages\/38#wpcf7-f1837-o1\" method=\"post\" class=\"wpcf7-form init\" aria-label=\"Formulaire de contact\" novalidate=\"novalidate\" data-status=\"init\">\n<fieldset class=\"hidden-fields-container\"><input type=\"hidden\" name=\"_wpcf7\" value=\"1837\" \/><input type=\"hidden\" name=\"_wpcf7_version\" value=\"6.1.5\" \/><input type=\"hidden\" name=\"_wpcf7_locale\" value=\"fr_FR\" \/><input type=\"hidden\" name=\"_wpcf7_unit_tag\" value=\"wpcf7-f1837-o1\" \/><input type=\"hidden\" name=\"_wpcf7_container_post\" value=\"0\" \/><input type=\"hidden\" name=\"_wpcf7_posted_data_hash\" value=\"\" \/>\n<\/fieldset>\n<p><label><br \/>\n<span class=\"wpcf7-form-control-wrap\" data-name=\"Nom\"><input size=\"40\" maxlength=\"400\" class=\"wpcf7-form-control wpcf7-text wpcf7-validates-as-required\" aria-required=\"true\" aria-invalid=\"false\" placeholder=\"Votre nom\" value=\"\" type=\"text\" name=\"Nom\" \/><\/span> <\/label>\n<\/p>\n<p><label><br \/>\n<span class=\"wpcf7-form-control-wrap\" data-name=\"Prenom\"><input size=\"40\" maxlength=\"400\" class=\"wpcf7-form-control wpcf7-text wpcf7-validates-as-required\" aria-required=\"true\" aria-invalid=\"false\" placeholder=\"Votre pr\u00e9nom\" value=\"\" type=\"text\" name=\"Prenom\" \/><\/span> <\/label>\n<\/p>\n<p><label><br \/>\n<span class=\"wpcf7-form-control-wrap\" data-name=\"number-46\"><input class=\"wpcf7-form-control wpcf7-number wpcf7-validates-as-required wpcf7-validates-as-number\" min=\"01\" max=\"989\" aria-required=\"true\" aria-invalid=\"false\" placeholder=\"D\u00e9partement\" value=\"\" type=\"number\" name=\"number-46\" \/><\/span> <\/label>\n<\/p>\n<p><label><br \/>\n<span class=\"wpcf7-form-control-wrap\" data-name=\"Ville\"><input size=\"40\" maxlength=\"400\" class=\"wpcf7-form-control wpcf7-text wpcf7-validates-as-required\" aria-required=\"true\" aria-invalid=\"false\" placeholder=\"Ville\" value=\"\" type=\"text\" name=\"Ville\" \/><\/span> <\/label>\n<\/p>\n<p><label><br \/>\n<span class=\"wpcf7-form-control-wrap\" data-name=\"email\"><input size=\"40\" maxlength=\"400\" class=\"wpcf7-form-control wpcf7-email wpcf7-validates-as-required wpcf7-text wpcf7-validates-as-email\" aria-required=\"true\" aria-invalid=\"false\" placeholder=\"E-mail\" value=\"\" type=\"email\" name=\"email\" \/><\/span> <\/label>\n<\/p>\n<p><input class=\"wpcf7-form-control wpcf7-submit has-spinner\" type=\"submit\" value=\"S&#039;abonner \u00e0 la Newsletter de Groupe D\u00e9j\u00e0\" \/>\n<\/p><input type='hidden' class='wpcf7-pum' value='{\"closepopup\":false,\"closedelay\":0,\"openpopup\":false,\"openpopup_id\":0}' \/><div class=\"wpcf7-response-output\" aria-hidden=\"true\"><\/div>\n<\/form>\n<\/div>\n\n","protected":false},"excerpt":{"rendered":"<p>Contact Groupe D\u00e9j\u00e0 35 rue de Degr\u00e9 &#8211; Hall A &#8211; Appt 303 72000 le Mans &#8211; Sarthe &#8211; France Tel : 00 33 (0)6 72 90 12 37 Bureau : 00 33 (0)9 54 22 67 40 ecrire@groupedeja.com Emilie M\u00e9tris \/ Charg\u00e9e de production et de tourn\u00e9e S\u00e9bastian Lazennec \/ Responsable artistique des projets<\/p>\n","protected":false},"author":1,"featured_media":0,"parent":0,"menu_order":0,"comment_status":"closed","ping_status":"closed","template":"","meta":{"footnotes":""},"class_list":["post-38","page","type-page","status-publish","hentry"],"_links":{"self":[{"href":"https:\/\/groupedeja.com\/index.php\/wp-json\/wp\/v2\/pages\/38","targetHints":{"allow":["GET"]}}],"collection":[{"href":"https:\/\/groupedeja.com\/index.php\/wp-json\/wp\/v2\/pages"}],"about":[{"href":"https:\/\/groupedeja.com\/index.php\/wp-json\/wp\/v2\/types\/page"}],"author":[{"embeddable":true,"href":"https:\/\/groupedeja.com\/index.php\/wp-json\/wp\/v2\/users\/1"}],"replies":[{"embeddable":true,"href":"https:\/\/groupedeja.com\/index.php\/wp-json\/wp\/v2\/comments?post=38"}],"version-history":[{"count":17,"href":"https:\/\/groupedeja.com\/index.php\/wp-json\/wp\/v2\/pages\/38\/revisions"}],"predecessor-version":[{"id":1842,"href":"https:\/\/groupedeja.com\/index.php\/wp-json\/wp\/v2\/pages\/38\/revisions\/1842"}],"wp:attachment":[{"href":"https:\/\/groupedeja.com\/index.php\/wp-json\/wp\/v2\/media?parent=38"}],"curies":[{"name":"wp","href":"https:\/\/api.w.org\/{rel}","templated":true}]}}