{"id":40,"date":"2018-10-14T15:39:41","date_gmt":"2018-10-14T13:39:41","guid":{"rendered":"https:\/\/groupedeja.com\/?page_id=40"},"modified":"2025-11-14T11:05:01","modified_gmt":"2025-11-14T10:05:01","slug":"mentions-legales","status":"publish","type":"page","link":"https:\/\/groupedeja.com\/index.php\/mentions-legales\/","title":{"rendered":"Mentions l\u00e9gales"},"content":{"rendered":"\n<h1>\n\t\t\tMentions l\u00e9gales\t<\/h1>\n\t<strong>Association Groupe D\u00e9j\u00e0<br \/>\n<\/strong>Si\u00e8ge social : 35 rue de Degr\u00e9 72000 Le Mans \/ France<br \/>\n06 72 90 12 37<br \/>\necrire[@]groupedeja.com\nSIRET : 399 392 570 000 61<br \/>\nCode APE : 9001Z<br \/>\nTVA intracom : FR 63399392570<br \/>\nLicences : L-R-2021-011025 et L-R-2021-011025\nSite h\u00e9berg\u00e9 sur wordpress \/ webdesign <a href=\"https:\/\/l.facebook.com\/l.php?u=http%3A%2F%2Fwww.nicolasfosset.fr%2F%3Ffbclid%3DIwAR1zGCr215xvSfL7JgdIo2TqW7jtJOItrkGM5_TBhVJk5K7naytqto-aeCA&amp;h=AT1bY6GMlsAfSWsY1fbxPKu9ihJaaXWuinzmrR7J9WYV5fD4K5xe8MoAo0eaSeDRq6R2dX29K6Lyw5JWXDLfXKytZ4Eir6NZA2mEy_f-CzZAj9UhIqAjAavvldZPZrC9R1s\" target=\"_blank\" rel=\"nofollow noopener\" data-lynx-mode=\"hover\">www.nicolasfosset.fr<\/a><br \/>\nDirecteur de la publication en collaboration avec l&rsquo;\u00e9quipe artistique et administrative \/ pr\u00e9sident de l&rsquo;association : Emmanuel Grignon\n<strong>Cr\u00e9dit photos Groupe D\u00e9j\u00e0<\/strong><br \/>\nPascal Boudet (La plupart des photos du site de Groupe D\u00e9j\u00e0)<br \/>\nDamien Ledebt (Photos de \u00ab\u00a0AMI(S)\u00a0\u00bb et \u00ab\u00a0Les Raccrocheurs\u00a0\u00bb)<br \/>\nPhilippe Noirault (Photos de \u00ab\u00a0AMI(S)\u00a0\u00bb)<br \/>\nNicolas Boutruche (Photos de \u00ab\u00a0Mon grand oncle\u00a0\u00bb et de Grand maximum)<br \/>\nCl\u00e9ment Szczuczynski (Photos de la Nuit Europ\u00e9enne des Chercheurs)<br \/>\nHerv\u00e9 Petitbon (Photo de S\u00e9bastian Lazennec)\n<strong>Politique de confidentialit\u00e9<br \/>\n<\/strong>Les donn\u00e9es personnelles r\u00e9colt\u00e9es dans notre <a href=\"https:\/\/groupedeja.com\/index.php\/cont\/\">formulaire de contact<\/a> (Nom, pr\u00e9nom, d\u00e9partement, ville, email) avec votre accord, vous permettront de recevoir notre newsletter (tous les 2 \u00e0 3 mois). Elles seront uniquement destin\u00e9es \u00e0 cet usage, sont stock\u00e9es sur notre plateforme d&#8217;emailing (Mailchimp) et s\u00e9curis\u00e9es. Pour les modifier, les supprimer ou en demander la copie, \u00e9crivez-nous \u00e0 communication[@]groupedeja.com\n<p><strong>\u00a0<\/strong><\/p>\n\n","protected":false},"excerpt":{"rendered":"<p>Mentions l\u00e9gales Association Groupe D\u00e9j\u00e0 Si\u00e8ge social : 35 rue de Degr\u00e9 72000 Le Mans \/ France 06 72 90 12 37 ecrire[@]groupedeja.com SIRET : 399 392 570 000 61 Code APE : 9001Z TVA intracom : FR 63399392570 Licences : L-R-2021-011025 et L-R-2021-011025 Site h\u00e9berg\u00e9 sur wordpress \/ webdesign www.nicolasfosset.fr Directeur de la publication&hellip;<\/p>\n","protected":false},"author":1,"featured_media":0,"parent":0,"menu_order":0,"comment_status":"closed","ping_status":"closed","template":"","meta":{"footnotes":""},"class_list":["post-40","page","type-page","status-publish","hentry"],"_links":{"self":[{"href":"https:\/\/groupedeja.com\/index.php\/wp-json\/wp\/v2\/pages\/40","targetHints":{"allow":["GET"]}}],"collection":[{"href":"https:\/\/groupedeja.com\/index.php\/wp-json\/wp\/v2\/pages"}],"about":[{"href":"https:\/\/groupedeja.com\/index.php\/wp-json\/wp\/v2\/types\/page"}],"author":[{"embeddable":true,"href":"https:\/\/groupedeja.com\/index.php\/wp-json\/wp\/v2\/users\/1"}],"replies":[{"embeddable":true,"href":"https:\/\/groupedeja.com\/index.php\/wp-json\/wp\/v2\/comments?post=40"}],"version-history":[{"count":11,"href":"https:\/\/groupedeja.com\/index.php\/wp-json\/wp\/v2\/pages\/40\/revisions"}],"predecessor-version":[{"id":3144,"href":"https:\/\/groupedeja.com\/index.php\/wp-json\/wp\/v2\/pages\/40\/revisions\/3144"}],"wp:attachment":[{"href":"https:\/\/groupedeja.com\/index.php\/wp-json\/wp\/v2\/media?parent=40"}],"curies":[{"name":"wp","href":"https:\/\/api.w.org\/{rel}","templated":true}]}}