{"id":407,"date":"2019-06-18T14:00:17","date_gmt":"2019-06-18T12:00:17","guid":{"rendered":"https:\/\/groupedeja.com\/?page_id=407"},"modified":"2026-04-02T16:02:22","modified_gmt":"2026-04-02T14:02:22","slug":"cowboy-ou-indien-2","status":"publish","type":"page","link":"https:\/\/groupedeja.com\/index.php\/cowboy-ou-indien-2\/","title":{"rendered":"Cowboy ou indien ?"},"content":{"rendered":"\n<h1>\n\t\t\tCowboy ou indien ?\t<\/h1>\n\t<h4><strong>Festival Off Avignon 2025 \/\u00a0<\/strong><a href=\"https:\/\/lamanufacture.org\/programmation\/cowboy-ou-indien\/\">Th\u00e9\u00e2tre de la Manufacture (Intramuros)<\/a><\/h4>\n<h2>\n\t\t\tCowboy ou indien ?\t<\/h2>\n<h4>\n\t\t\tFresque th\u00e9\u00e2trale, drolatique et cruelle, au sujet de la fratrie\t<\/h4>\n\t<p>Aujourd&rsquo;hui, qu&rsquo;est-ce qui r\u00e9unit Martin et Benoit Fournier\u00a0? Ils sont fr\u00e8res, c&rsquo;est tout, et c&rsquo;est d\u00e9j\u00e0 trop ! Devenus adultes, ils trainent avec eux les traces ind\u00e9l\u00e9biles de l&rsquo;enfance et les promesses qu&rsquo;elle n&rsquo;a pas tenues. Groupe D\u00e9j\u00e0 questionne \u00e0 nouveau \u00ab\u00a0la famille\u00a0\u00bb en s&rsquo;attaquant cette fois \u00e0 la fratrie.<\/p>\n<p>Entre fr\u00e8res et s\u0153urs, tous les jeux d&rsquo;alliance et de conflit sont possibles. Cherchons \u00e0 saisir cette infime fronti\u00e8re entre amour et haine, disputes et complicit\u00e9s&#8230; Une fresque th\u00e9\u00e2trale qui convoque \u00e0 la fois l&rsquo;\u00e9motion et l&rsquo;idiotie, l&rsquo;absurde et le grin\u00e7ant, la tendresse et la cruaut\u00e9.<\/p>\n<figure itemscope itemtype=\"https:\/\/schema.org\/ImageObject\">\n\t\t\t\t<img decoding=\"async\" src=\"https:\/\/groupedeja.com\/wp-content\/uploads\/2025\/04\/Capture-decran-2025-04-02-a-21.00.00.png\" alt=\"Cowboy ou indien\" height=\"1326\" width=\"1326\" title=\"Cowboy ou indien\" onerror=\"this.style.display='none'\" loading=\"lazy\" \/>\n\t<\/figure>\n<figure itemscope itemtype=\"https:\/\/schema.org\/ImageObject\">\n\t\t\t\t<img decoding=\"async\" src=\"https:\/\/groupedeja.com\/wp-content\/uploads\/2019\/06\/Cowboy-ou-indien-Groupe-Deja-photo.jpg\" alt=\"Cowboy ou indien ? Groupe D\u00e9j\u00e0 \/ Th\u00e9atre \/ S\u00e9bastian Lazennec \/ Antoine Meunier\" height=\"500\" width=\"500\" title=\"Cowboy-ou-indien-Groupe-Deja-photo\" onerror=\"this.style.display='none'\" loading=\"lazy\" \/>\n\t<\/figure>\n\t<p><em>Tout public (\u00e0 partir de 10 ans) <\/em><\/p>\n<strong>\u00c9criture et jeu : S\u00e9bastian Lazennec et Antoine Meunier<br \/>\n<\/strong>\n<strong>Regard ext\u00e9rieur : Servane Deschamps et Stanislas Hilairet<br \/>\n<\/strong><strong>Chor\u00e9graphe : Florence Loison<\/strong><br \/>\nCr\u00e9ation lumi\u00e8re et r\u00e9gie g\u00e9n\u00e9rale : Simon Rutten<br \/>\nArrangements et cr\u00e9ations sonores : Julien Leguay<br \/>\nTechnique en tourn\u00e9e : Julien Leguay ou Simon Rutten ou Samy Hidous ou Thomas Breheret<br \/>\nConstruction d\u00e9cor : Olivier Clausse<br \/>\nPlasticienne : Sarah Quentin<br \/>\nPhotographe : Pascal Boudet\n\t\t<iframe loading=\"lazy\" title=\"&quot;Cowboy ou indien ?&quot; \/\/ Groupe D\u00e9j\u00e0 \/\/ Teaser du spectacle\" src=\"https:\/\/player.vimeo.com\/video\/489805662?dnt=1&amp;app_id=122963\" width=\"500\" height=\"281\" frameborder=\"0\" allow=\"autoplay; fullscreen; picture-in-picture; clipboard-write; encrypted-media\"><\/iframe>\t\n<h3>\n\t\t\tT\u00e9l\u00e9chargez le dossier artistique de \u00ab\u00a0Cowboy ou indien ?\u00a0\u00bb\t<\/h3>\n<h3>\n\t\t\tDossier p\u00e9dagogique disponible sur demande\t<\/h3>\n<h2>\n\t\t\tQuelques extraits de presse de \u00ab\u00a0Cowboy ou indien ?\u00a0\u00bb\t<\/h2>\n\t<b>Avec la pi\u00e8ce de th\u00e9\u00e2tre\u00a0\u00ab\u00a0Cowboy ou indien ?\u00a0\u00bb on ne voit plus nos fr\u00e8res et s\u0153urs comme avant<\/b>\nL&rsquo;abandon, l&rsquo;incompr\u00e9hension, les frustrations de nos vies d&rsquo;adultes, l&rsquo;\u00e9loignement, la perte des \u00eatres chers&#8230; Tout y est. On sort de l\u00e0 avec l&rsquo;envie farouche d&rsquo;appeler ses fr\u00e8res et soeurs et de leur dire : \u00ab Je t&rsquo;aime. Malgr\u00e9 tout, je t&rsquo;aime. \u00bb\n<b>\u00a0<\/b>\n<a href=\"https:\/\/www.ouest-france.fr\/pays-de-la-loire\/cholet-49300\/theatre-apres-cowboy-ou-indien-on-ne-voit-plus-nos-freres-et-soeurs-comme-avant-ebae1f8a-b428-11ec-9a24-5bd00f9afaef\">Courrier de l&rsquo;Ouest\u00a0&#8211; M\u00e9lanie Marois &#8211; 05\/04\/2022<\/a>\n<table cellspacing=\"0\" cellpadding=\"0\">\n<tbody>\n<tr>\n<td valign=\"top\">\n<b>Le Groupe D\u00e9j\u00e0 en r\u00e9sidence de cr\u00e9ation<\/b>\nD\u00e8s l&rsquo;enfance, des choses se mettent en place, jalousie, diff\u00e9rence d&rsquo;\u00e9ducation, secrets qui peuvent, s&rsquo;ils perdurent, devenir des blessures \u00e0 l&rsquo;\u00e2ge adulte. Derri\u00e8re la violence des mots et des corps, \u00e0 travers les luttes et ses non-dits, il n&rsquo;y aura qu&rsquo;une seule chose finalement qui transpire : l&rsquo;amour qu&rsquo;ils se portent.\n<i>\u00a0<\/i>\n<\/td>\n<\/tr>\n<\/tbody>\n<\/table>\n<p><a href=\"https:\/\/www.ouest-france.fr\/pays-de-la-loire\/la-tranche-sur-mer-85360\/le-groupe-deja-en-residence-de-creation-6226753\">\u00a0Ouest France\u00a0&#8211; 17\/02\/2019\u00a0<\/a><\/p>\n<h3>\n\t\t\tT\u00e9l\u00e9chargez la revue de presse\t<\/h3>\n<h3>\n\t\t\tAccueils en r\u00e9sidence de \u00ab\u00a0Cowboy ou indien ?\u00a0\u00bb\t<\/h3>\n\t<em>Th\u00e9\u00e2tre La Fonderie<\/em> &#8211; Le Mans (72)<br \/>\n<em>Sc\u00e8ne Nationale Les Quinconces-L&rsquo;Espal<\/em> &#8211; Le Mans (72)<br \/>\n<em>Le Fourneau, Centre National de Arts de la Rue et de l&rsquo;Espace Public<\/em> &#8211; Brest (29)<br \/>\n<em>Th\u00e9\u00e2tre Le Carroi<\/em> &#8211; La Fl\u00e8che (72)<br \/>\n<em>Asso. Alarue &#8211; Festival Les Zaccros d&rsquo;ma Rue &#8211;<\/em> Nevers (58)<br \/>\n<em>R\u00e9seau La D\u00e9ferlante<\/em> &#8211; Les Sables d&rsquo;Olonne (85)<br \/>\n<em>CREA<\/em> &#8211; Saint Georges de Didonne (17)<br \/>\n<em>Les Abattoirs<\/em> &#8211; Riom (63)<br \/>\n<em>R\u00e9seau La D\u00e9ferlante<\/em> &#8211; La Tranche sur Mer (85)<br \/>\n<em>La Rue du Milieu<\/em> &#8211; Saint Cl\u00e9ment de la Place (49)<br \/>\n<em>Centre culturel Val de Vray<\/em> &#8211; Saint Saturnin (72)<br \/>\n<em>EVE<\/em> <em>&#8211;<\/em> <em>Sc\u00e8ne universitaire<\/em> &#8211; Le Mans (72)\n<h3>\n\t\t\tCoproductions et soutiens financier de \u00ab\u00a0Cowboy ou indien ?\u00a0\u00bb\t<\/h3>\n\t<em>Le Carroi &#8211;<\/em> La Fl\u00e8che (72)<br \/>\nVille des Sables d&rsquo;Olonnes (85)<br \/>\n<em>Crea<\/em> &#8211; St Georges de Didonne (17)<br \/>\nVille de La tranche sur mer (85)<br \/>\n<em>L&rsquo;association Alarue &#8211; Festival Les Zaccros d&rsquo;ma Rue<\/em> &#8211; Nevers (58)\nL&rsquo;\u00e9tat &#8211; DRAC des Pays de la Loire<br \/>\nLa R\u00e9gion des Pays de la Loire\n<h3>\n\t\t\tPhotographies de \u00ab\u00a0Cowboy ou indien ?\u00a0\u00bb\t<\/h3>\n\t\t\t<a href=\"https:\/\/groupedeja.com\/index.php\/spectacles\/\"  target=\"_self\">\n\t\t\t\t\t\t\tRetour page \u00ab\u00a0Spectacles\u00a0\u00bb\n\t\t\t\t\t<\/a>\n\n","protected":false},"excerpt":{"rendered":"<p>Cowboy ou indien ? Festival Off Avignon 2025 \/\u00a0Th\u00e9\u00e2tre de la Manufacture (Intramuros) Cowboy ou indien ? Fresque th\u00e9\u00e2trale, drolatique et cruelle, au sujet de la fratrie Aujourd&rsquo;hui, qu&rsquo;est-ce qui r\u00e9unit Martin et Benoit Fournier\u00a0? Ils sont fr\u00e8res, c&rsquo;est tout, et c&rsquo;est d\u00e9j\u00e0 trop ! Devenus adultes, ils trainent avec eux les traces ind\u00e9l\u00e9biles de&hellip;<\/p>\n","protected":false},"author":2,"featured_media":0,"parent":0,"menu_order":0,"comment_status":"closed","ping_status":"closed","template":"","meta":{"footnotes":""},"class_list":["post-407","page","type-page","status-publish","hentry"],"_links":{"self":[{"href":"https:\/\/groupedeja.com\/index.php\/wp-json\/wp\/v2\/pages\/407","targetHints":{"allow":["GET"]}}],"collection":[{"href":"https:\/\/groupedeja.com\/index.php\/wp-json\/wp\/v2\/pages"}],"about":[{"href":"https:\/\/groupedeja.com\/index.php\/wp-json\/wp\/v2\/types\/page"}],"author":[{"embeddable":true,"href":"https:\/\/groupedeja.com\/index.php\/wp-json\/wp\/v2\/users\/2"}],"replies":[{"embeddable":true,"href":"https:\/\/groupedeja.com\/index.php\/wp-json\/wp\/v2\/comments?post=407"}],"version-history":[{"count":50,"href":"https:\/\/groupedeja.com\/index.php\/wp-json\/wp\/v2\/pages\/407\/revisions"}],"predecessor-version":[{"id":3277,"href":"https:\/\/groupedeja.com\/index.php\/wp-json\/wp\/v2\/pages\/407\/revisions\/3277"}],"wp:attachment":[{"href":"https:\/\/groupedeja.com\/index.php\/wp-json\/wp\/v2\/media?parent=407"}],"curies":[{"name":"wp","href":"https:\/\/api.w.org\/{rel}","templated":true}]}}