{"id":490,"date":"2019-06-20T22:50:44","date_gmt":"2019-06-20T20:50:44","guid":{"rendered":"https:\/\/groupedeja.com\/?page_id=490"},"modified":"2023-12-19T13:50:14","modified_gmt":"2023-12-19T12:50:14","slug":"personnages-sur-mesure","status":"publish","type":"page","link":"https:\/\/groupedeja.com\/index.php\/personnages-sur-mesure\/","title":{"rendered":"Personnages sur mesure"},"content":{"rendered":"\n<h1>\n\t\tPersonnages sur mesure\n\t<\/h1>\n<h2>\n\t\tCycle de micro-conf\u00e9rences itin\u00e9rantes &#8211; La Nuit des chercheur\u00b7e\u00b7s &#8211; 2023\n\t<\/h2>\n\t\t\t\t<img loading=\"lazy\" decoding=\"async\" src=\"https:\/\/groupedeja.com\/wp-content\/uploads\/2023\/12\/NEDC-2023-104-scaled.jpg\" alt=\"NEDC-2023-104\" itemprop=\"image\" height=\"1707\" width=\"2560\" title=\"NEDC-2023-104\" onerror=\"this.style.display='none'\"  \/>\n\t<p><strong>\u00ab\u00a0Quel th\u00e9\u00e2tre pour le futur ? Quel futur pour le th\u00e9\u00e2tre ?\u00a0\u00bb ou \u00ab\u00a0Le futur aura-t-il mang\u00e9 le th\u00e9\u00e2tre apr\u00e8s avoir bu le fond des nappes phr\u00e9atiques \u00e0 l&rsquo;ap\u00e9ro ?\u00a0\u00bb<\/strong><\/p>\n<p>Micro-conf\u00e9rences de faux chercheurs pour La Nuit des chercheur\u00b7e\u00b7s 2023.<\/p>\nDe et avec Antoine Meunier et S\u00e9bastian Lazennec.<br \/>\nCr\u00e9dit : Cl\u00e9ment CSZ et Laurianne Mari\u00e9\n<h2>\n\t\tCartographie sonore du campus &#8211; Le Mans Sonore &#8211; 2022\n\t<\/h2>\n\t\t\t\t<img loading=\"lazy\" decoding=\"async\" src=\"https:\/\/groupedeja.com\/wp-content\/uploads\/2022\/11\/IMG_20220122_141637-scaled-e1669651349199.jpg\" alt=\"S\u00e9bastian Lazennc enregistre Antoine Meunier avec une perche\" itemprop=\"image\" height=\"1920\" width=\"1920\" title=\"Le Mans Sonore\" onerror=\"this.style.display='none'\"  \/>\n\t<p><strong>Interventions de faux preneurs de son sur le campus pour <a href=\"https:\/\/lemanssonore.fr\/\">Le Mans Sonore<\/a> en 2022.<\/strong><\/p>\n<p>Deux preneurs de sons ont quadrill\u00e9 le campus pour capter le son des objets et la musique int\u00e9rieure des personnes volontaires afin d&rsquo;effectuer une cartographie sonore des lieux.<\/p>\nDe et avec Antoine Meunier et S\u00e9bastian Lazennec.<br \/>\nMerci \u00e0 Ingrid Silpa et Julie Bordas (EVE &#8211; service culture &#8211; Le Mans Universit\u00e9)\n<p>Cr\u00e9dit : Gilles Mouss\u00e9 et Marion Tremblain<\/p>\n<p>&nbsp;<\/p>\n<h2>\n\t\tNuits Europ\u00e9enne des Chercheurs &#8211; 2017\n\t<\/h2>\n\t\t\t\t<img loading=\"lazy\" decoding=\"async\" src=\"https:\/\/groupedeja.com\/wp-content\/uploads\/2019\/06\/Nuit-europeenne-des-chercheurs-groupe-deja-sebastian-lazennec.jpg\" alt=\"Nuit Europ\u00e9enne des chercheurs Groupe D\u00e9j\u00e0 th\u00e9\u00e2tre sur mesure\" itemprop=\"image\" height=\"500\" width=\"500\" title=\"Nuit-europeenne-des-chercheurs-groupe-deja-sebastian-lazennec\" onerror=\"this.style.display='none'\"  \/>\n\t<p>Dans le cadre de La <strong>Nuit Europ\u00e9enne des chercheur.e.s<\/strong> (Le Mans (72)), nous avons \u00e9crit et mis en sc\u00e8ne une <strong>performance dans laquelle nous nous sommes fait passer pour des chercheurs<\/strong> au sein de l&rsquo;\u00e9quipe de vrais chercheurs. Notamment le CNRS (Centre de recherche de soi)<\/p>\n<p>Avec Antoine Meunier, S\u00e9bastian Lazennec, Diane Bonnot et Rity Mabon.<\/p>\n<p>La Nuit des Chercheur.e.s c&rsquo;est dans une centaine de ville d&rsquo;Europe dont 12 en France.<\/p>\n<p><a href=\"https:\/\/nuitdeschercheurs-france.eu\/wakka.php?wiki=PagePrincipale&amp;fbclid=IwAR24c0gxVo_6guUlkBP-r4On1ZNzyrXCGpx9Pm-kXpg1mwrqJ20Mdyhk4-Q\">Lien sur le Nuit Europ\u00e9enne des chercheurs ici<\/a><\/p>\n\t\t\t<a href=\"https:\/\/groupedeja.com\/index.php\/sur-mesure\/\" target=\"_self\" rel=\"noopener\">\n\t\t\t\t\t\t\tRetour page \u00ab\u00a0Sur mesure\u00a0\u00bb\n\t\t\t\t\t<\/a>\n\n","protected":false},"excerpt":{"rendered":"<p>Personnages sur mesure Cycle de micro-conf\u00e9rences itin\u00e9rantes &#8211; La Nuit des chercheur\u00b7e\u00b7s &#8211; 2023 \u00ab\u00a0Quel th\u00e9\u00e2tre pour le futur ? Quel futur pour le th\u00e9\u00e2tre ?\u00a0\u00bb ou \u00ab\u00a0Le futur aura-t-il mang\u00e9 le th\u00e9\u00e2tre apr\u00e8s avoir bu le fond des nappes phr\u00e9atiques \u00e0 l&rsquo;ap\u00e9ro ?\u00a0\u00bb Micro-conf\u00e9rences de faux chercheurs pour La Nuit des chercheur\u00b7e\u00b7s 2023. De&hellip;<\/p>\n","protected":false},"author":2,"featured_media":0,"parent":0,"menu_order":0,"comment_status":"closed","ping_status":"closed","template":"","meta":{"footnotes":""},"class_list":["post-490","page","type-page","status-publish","hentry"],"_links":{"self":[{"href":"https:\/\/groupedeja.com\/index.php\/wp-json\/wp\/v2\/pages\/490","targetHints":{"allow":["GET"]}}],"collection":[{"href":"https:\/\/groupedeja.com\/index.php\/wp-json\/wp\/v2\/pages"}],"about":[{"href":"https:\/\/groupedeja.com\/index.php\/wp-json\/wp\/v2\/types\/page"}],"author":[{"embeddable":true,"href":"https:\/\/groupedeja.com\/index.php\/wp-json\/wp\/v2\/users\/2"}],"replies":[{"embeddable":true,"href":"https:\/\/groupedeja.com\/index.php\/wp-json\/wp\/v2\/comments?post=490"}],"version-history":[{"count":16,"href":"https:\/\/groupedeja.com\/index.php\/wp-json\/wp\/v2\/pages\/490\/revisions"}],"predecessor-version":[{"id":2521,"href":"https:\/\/groupedeja.com\/index.php\/wp-json\/wp\/v2\/pages\/490\/revisions\/2521"}],"wp:attachment":[{"href":"https:\/\/groupedeja.com\/index.php\/wp-json\/wp\/v2\/media?parent=490"}],"curies":[{"name":"wp","href":"https:\/\/api.w.org\/{rel}","templated":true}]}}