{"id":512,"date":"2019-06-21T15:05:11","date_gmt":"2019-06-21T13:05:11","guid":{"rendered":"https:\/\/groupedeja.com\/?page_id=512"},"modified":"2019-06-25T16:37:06","modified_gmt":"2019-06-25T14:37:06","slug":"deambulations-sur-mesure","status":"publish","type":"page","link":"https:\/\/groupedeja.com\/index.php\/deambulations-sur-mesure\/","title":{"rendered":"Deambulations sur mesure"},"content":{"rendered":"<h1>\n\t\tD\u00e9ambulations sur mesure<br \/>\n\t<\/h1>\n<h2>\n\t\tLa Horde Rouge<br \/>\n\t<\/h2>\n<p><strong>Commando de la joie<\/strong>, La Horde Rouge\u00a0est\u00a0<strong>troublante et impulsive<\/strong>. La meute d\u2019individus, \u00e0 l\u2019instinct gr\u00e9gaire, qui forment ce clan\u00a0se d\u00e9place en bande, en banc. <strong>Impr\u00e9visible, La Horde Rouge s\u2019accapare l\u2019espace public<\/strong> petit \u00e0 petit en revenant r\u00e9guli\u00e8rement dans la ville et en y laissant de plus en plus de trace derri\u00e8re elle ! <strong>Elle\u00a0d\u00e9barque l\u00e0 o\u00f9 on ne l\u2019attend pas, explosive, audacieuse et jubilatoire!\u00a0<\/strong><\/p>\n<p>Cette brigade d\u2019intervention th\u00e9\u00e2trale \u00e9ph\u00e9m\u00e8re est mise en sc\u00e8ne et encadr\u00e9e par <strong>S\u00e9bastian Lazennec<\/strong>. Elle a \u00e9t\u00e9 cr\u00e9e en 2008 avec les com\u00e9diens de Grand maximum \u00e0 Arnage (72) et reprise en 2016 avec des com\u00e9diens amateurs angevins suite \u00e0 une commande pour le festival \u00ab\u00a0Les Accroche-Coeurs\u00a0\u00bb \u00e0 Angers (49).<\/p>\n<p><strong>Projet participatif, ce concept de jeu peut \u00eatre repris et adapt\u00e9. Il est bas\u00e9 sur une technique de \u00ab\u00a0choeur-action\u00a0\u00bb.<\/strong><\/p>\n<p>\t\t\t<a href=\"https:\/\/groupedeja.com\/index.php\/sur-mesure\/\" target=\"_self\" role=\"button\"><br \/>\n\t\t\t\t\t\t\tRetour page \u00ab\u00a0Sur mesure\u00a0\u00bb<br \/>\n\t\t\t\t\t<\/a><\/p>\n","protected":false},"excerpt":{"rendered":"<p>D\u00e9ambulations sur mesure La Horde Rouge Commando de la joie, La Horde Rouge\u00a0est\u00a0troublante et impulsive. La meute d\u2019individus, \u00e0 l\u2019instinct gr\u00e9gaire, qui forment ce clan\u00a0se d\u00e9place en bande, en banc. Impr\u00e9visible, La Horde Rouge s\u2019accapare l\u2019espace public petit \u00e0 petit en revenant r\u00e9guli\u00e8rement dans la ville et en y laissant de plus en plus de&hellip;<\/p>\n","protected":false},"author":2,"featured_media":0,"parent":0,"menu_order":0,"comment_status":"closed","ping_status":"closed","template":"","meta":{"footnotes":""},"class_list":["post-512","page","type-page","status-publish","hentry"],"_links":{"self":[{"href":"https:\/\/groupedeja.com\/index.php\/wp-json\/wp\/v2\/pages\/512","targetHints":{"allow":["GET"]}}],"collection":[{"href":"https:\/\/groupedeja.com\/index.php\/wp-json\/wp\/v2\/pages"}],"about":[{"href":"https:\/\/groupedeja.com\/index.php\/wp-json\/wp\/v2\/types\/page"}],"author":[{"embeddable":true,"href":"https:\/\/groupedeja.com\/index.php\/wp-json\/wp\/v2\/users\/2"}],"replies":[{"embeddable":true,"href":"https:\/\/groupedeja.com\/index.php\/wp-json\/wp\/v2\/comments?post=512"}],"version-history":[{"count":7,"href":"https:\/\/groupedeja.com\/index.php\/wp-json\/wp\/v2\/pages\/512\/revisions"}],"predecessor-version":[{"id":714,"href":"https:\/\/groupedeja.com\/index.php\/wp-json\/wp\/v2\/pages\/512\/revisions\/714"}],"wp:attachment":[{"href":"https:\/\/groupedeja.com\/index.php\/wp-json\/wp\/v2\/media?parent=512"}],"curies":[{"name":"wp","href":"https:\/\/api.w.org\/{rel}","templated":true}]}}