{"id":547,"date":"2019-06-21T16:29:00","date_gmt":"2019-06-21T14:29:00","guid":{"rendered":"https:\/\/groupedeja.com\/?page_id=547"},"modified":"2022-10-25T17:06:28","modified_gmt":"2022-10-25T15:06:28","slug":"videos-sur-mesure","status":"publish","type":"page","link":"https:\/\/groupedeja.com\/index.php\/videos-sur-mesure\/","title":{"rendered":"Videos sur mesure"},"content":{"rendered":"<h1>\n\t\tVid\u00e9os sur mesure\n\t<\/h1>\n\t<p>A plusieurs reprises et depuis plusieurs ann\u00e9es, nous avons \u00e9t\u00e9 sollicit\u00e9 pour \u00e9crire, mettre en sc\u00e8ne et r\u00e9aliser des vid\u00e9os sur mesure pour plusieurs organismes.<\/p>\n&#8211; Pour le <strong>Sgen CFDT dans le cadre de leurs \u00e9lections syndicales <\/strong>en 2010, 2014 et 2018<br \/>\n&#8211; Pour les <strong>h\u00f4pitaux du Mans, Angers et Nantes<\/strong> dans le cadre d&rsquo;une campagne de sensibilisation au troubles musculo-squelettiques li\u00e9s au travail.<strong><br \/>\n<\/strong>&#8211; Pour la <strong>Clinique du pr\u00e9 au Mans <\/strong>(72) dans le cadre de la Journ\u00e9e Europ\u00e9enne de l&rsquo;ob\u00e9sit\u00e9.\n<p>Pour cadrer et r\u00e9aliser ces films nous travaillons r\u00e9guli\u00e8rement avec le photographe\/<strong>r\u00e9alisateur Nicolas Boutruche<\/strong>.<\/p>\n<h2>\n\t\tSelection de vid\u00e9os r\u00e9alis\u00e9es par Groupe D\u00e9j\u00e0 pour le SGEN\n\t<\/h2>\n\t<iframe loading=\"lazy\" width=\"500\" height=\"281\" src=\"https:\/\/www.youtube.com\/embed\/ADJUupiCEPY?start=2&#038;feature=oembed\" frameborder=\"0\" allow=\"accelerometer; autoplay; encrypted-media; gyroscope; picture-in-picture\" allowfullscreen><\/iframe>\n\t<iframe loading=\"lazy\" width=\"500\" height=\"281\" src=\"https:\/\/www.youtube.com\/embed\/DkEOQyasTh4?feature=oembed\" frameborder=\"0\" allow=\"accelerometer; autoplay; encrypted-media; gyroscope; picture-in-picture\" allowfullscreen><\/iframe>\n\t<iframe loading=\"lazy\" width=\"500\" height=\"281\" src=\"https:\/\/www.youtube.com\/embed\/iA-85Wk1czE?feature=oembed\" frameborder=\"0\" allow=\"accelerometer; autoplay; encrypted-media; gyroscope; picture-in-picture\" allowfullscreen><\/iframe>\n\t<iframe loading=\"lazy\" width=\"500\" height=\"281\" src=\"https:\/\/www.youtube.com\/embed\/q6d5_wv-44g?feature=oembed\" frameborder=\"0\" allow=\"accelerometer; autoplay; encrypted-media; gyroscope; picture-in-picture\" allowfullscreen><\/iframe>\n\t<iframe loading=\"lazy\" width=\"500\" height=\"281\" src=\"https:\/\/www.youtube.com\/embed\/Nt3NpIOX-Uk?feature=oembed\" frameborder=\"0\" allow=\"accelerometer; autoplay; encrypted-media; gyroscope; picture-in-picture\" allowfullscreen><\/iframe>\n\t<iframe loading=\"lazy\" width=\"500\" height=\"281\" src=\"https:\/\/www.youtube.com\/embed\/ORi52sbkTsA?feature=oembed\" frameborder=\"0\" allow=\"accelerometer; autoplay; encrypted-media; gyroscope; picture-in-picture\" allowfullscreen><\/iframe>\n\t<iframe loading=\"lazy\" width=\"500\" height=\"281\" src=\"https:\/\/www.youtube.com\/embed\/p4R_oVSRKxw?feature=oembed\" frameborder=\"0\" allow=\"accelerometer; autoplay; encrypted-media; gyroscope; picture-in-picture\" allowfullscreen><\/iframe>\n<h2>\n\t\tVid\u00e9o r\u00e9alis\u00e9e par Groupe D\u00e9j\u00e0 pour la Clinique du Pr\u00e9 au Mans\n\t<\/h2>\n\t<iframe loading=\"lazy\" width=\"500\" height=\"281\" src=\"https:\/\/www.youtube.com\/embed\/uaMfDAeMaKU?feature=oembed\" frameborder=\"0\" allow=\"accelerometer; autoplay; encrypted-media; gyroscope; picture-in-picture\" allowfullscreen><\/iframe>\n\t\t\t<a href=\"https:\/\/groupedeja.com\/index.php\/sur-mesure\/\" target=\"_self\" role=\"button\" rel=\"noopener noreferrer\">\n\t\t\t\t\t\t\tRetour page \u00ab\u00a0Sur mesure\u00a0\u00bb\n\t\t\t\t\t<\/a>\n","protected":false},"excerpt":{"rendered":"<p>Vid\u00e9os sur mesure A plusieurs reprises et depuis plusieurs ann\u00e9es, nous avons \u00e9t\u00e9 sollicit\u00e9 pour \u00e9crire, mettre en sc\u00e8ne et r\u00e9aliser des vid\u00e9os sur mesure pour plusieurs organismes. &#8211; Pour le Sgen CFDT dans le cadre de leurs \u00e9lections syndicales en 2010, 2014 et 2018 &#8211; Pour les h\u00f4pitaux du Mans, Angers et Nantes dans&hellip;<\/p>\n","protected":false},"author":2,"featured_media":0,"parent":0,"menu_order":0,"comment_status":"closed","ping_status":"closed","template":"","meta":{"footnotes":""},"class_list":["post-547","page","type-page","status-publish","hentry"],"_links":{"self":[{"href":"https:\/\/groupedeja.com\/index.php\/wp-json\/wp\/v2\/pages\/547","targetHints":{"allow":["GET"]}}],"collection":[{"href":"https:\/\/groupedeja.com\/index.php\/wp-json\/wp\/v2\/pages"}],"about":[{"href":"https:\/\/groupedeja.com\/index.php\/wp-json\/wp\/v2\/types\/page"}],"author":[{"embeddable":true,"href":"https:\/\/groupedeja.com\/index.php\/wp-json\/wp\/v2\/users\/2"}],"replies":[{"embeddable":true,"href":"https:\/\/groupedeja.com\/index.php\/wp-json\/wp\/v2\/comments?post=547"}],"version-history":[{"count":8,"href":"https:\/\/groupedeja.com\/index.php\/wp-json\/wp\/v2\/pages\/547\/revisions"}],"predecessor-version":[{"id":1670,"href":"https:\/\/groupedeja.com\/index.php\/wp-json\/wp\/v2\/pages\/547\/revisions\/1670"}],"wp:attachment":[{"href":"https:\/\/groupedeja.com\/index.php\/wp-json\/wp\/v2\/media?parent=547"}],"curies":[{"name":"wp","href":"https:\/\/api.w.org\/{rel}","templated":true}]}}