{"id":58,"date":"2018-10-14T15:50:42","date_gmt":"2018-10-14T13:50:42","guid":{"rendered":"https:\/\/groupedeja.com\/?page_id=58"},"modified":"2025-10-30T12:47:26","modified_gmt":"2025-10-30T11:47:26","slug":"amis","status":"publish","type":"page","link":"https:\/\/groupedeja.com\/index.php\/amis\/","title":{"rendered":"AMI(s)"},"content":{"rendered":"\n<h1>\n\t\t\tAMI(S)\t<\/h1>\n<h3>\n\t\t\tAMI(S)\t<\/h3>\n\t<h3><strong>Th\u00e9\u00e2tre &#8211; Interrogation canine et manipulation d&rsquo;objets<\/strong><\/h3>\nIl parait que le temps qui passe, nos obligations, nos \u00e9crans et nos sachets de soupe individuels interf\u00e8rent sur l&rsquo;amiti\u00e9 !<br \/>\nIl parait que le chien reste le meilleur ami de l&rsquo;homme ! Pour parler d&rsquo;amiti\u00e9, donnons-lui la parole !<br \/>\nUn solo de th\u00e9\u00e2tre et de manipulation d&rsquo;objets qui met en sc\u00e8ne nos amiti\u00e9s&#8230; avec humour, cynisme et tendresse. Nos comportements sociaux vus \u00e0 travers le regard du \u00ab\u00a0meilleur ami de l&rsquo;homme\u00a0\u00bb&#8230;\n\t\t\t\t<img decoding=\"async\" src=\"https:\/\/groupedeja.com\/wp-content\/uploads\/2025\/10\/Capture-decran-2025-10-30-a-12.35.06.png\" alt=\"AMI(S) - Groupe D\u00e9j\u00e0\" itemprop=\"image\" height=\"1270\" width=\"1270\" title=\"AMI(S) - Groupe D\u00e9j\u00e0\" onerror=\"this.style.display='none'\" loading=\"lazy\" \/>\n\t\t\t\t<img decoding=\"async\" src=\"https:\/\/groupedeja.com\/wp-content\/uploads\/2019\/06\/Groupe-Deja-AMIS-theatre-Meunier-Lazennec-1.jpg\" alt=\"Groupe D\u00e9j\u00e0 AMI(S) th\u00e9\u00e2tre Groupe D\u00e9j\u00e0\" itemprop=\"image\" height=\"500\" width=\"500\" title=\"Groupe-Deja-AMIS-theatre-Meunier-Lazennec\" onerror=\"this.style.display='none'\" loading=\"lazy\" \/>\n\t<p><em>Tout public (\u00e0 partir de 10 ans) <\/em><\/p>\n<strong>\u00c9criture : <\/strong>Antoine Meunier et S\u00e9bastian Lazennec<br \/>\n<strong>Mise en sc\u00e8ne : <\/strong>S\u00e9bastian Lazennec<br \/>\n<strong>Jeu : <\/strong>Antoine Meunier<br \/>\n<strong>Cr\u00e9ation lumi\u00e8re et r\u00e9gie g\u00e9n\u00e9rale :<\/strong> Simon Rutten<br \/>\n<strong>Technique en tourn\u00e9e :<\/strong> J\u00e9r\u00f4me Guilmin ou Simon Rutten<br \/>\n<strong>Costume :<\/strong> Agn\u00e8s Vitour<br \/>\n<strong>Arrangements sonores :<\/strong> Julien Leguay et S\u00e9bastian Lazennec<br \/>\n<strong>Construction d\u00e9cor :<\/strong> Jean Claude Meunier et Olivier Clausse<br \/>\n<strong>Images et vid\u00e9os :<\/strong> Nicolas Boutruche\n\t\t<iframe loading=\"lazy\" title=\"&quot;AMI(S)&quot; \/\/ Groupe D\u00e9j\u00e0 \/\/ teaser du spectacle\" src=\"https:\/\/player.vimeo.com\/video\/291715798?dnt=1&amp;app_id=122963\" width=\"500\" height=\"281\" frameborder=\"0\" allow=\"autoplay; fullscreen; picture-in-picture; clipboard-write; encrypted-media\"><\/iframe>\t\n<h3>\n\t\t<a href=\"https:\/\/groupedeja.com\/wp-content\/uploads\/2022\/07\/Dossier-AMIS-Groupe-De\u0301ja\u0300-2022.pdf\" title=\"T\u00e9l\u00e9chargez le dossier artistique de &quot;AMI(S)&quot;\"  target=\"_self\">\n\t\t\tT\u00e9l\u00e9chargez le dossier artistique de \u00ab\u00a0AMI(S)\u00a0\u00bb\t\t<\/a>\n\t<\/h3>\n<h2>\n\t\t\tQuelques extraits de presse de \u00ab\u00a0AMI(S)\u00a0\u00bb\t<\/h2>\n\t<p><strong>Groupe D\u00e9j\u00e0 &#8211; AMI(S)<\/strong><\/p>\n<p><strong>TELERAMA \/ TT<\/strong> (On aime beaucoup)<\/p>\n<p>Depuis le pal\u00e9olithique, le chien est le meilleur ami de l&rsquo;homme. Support de croyances et de rites religieux, il est m\u00eame devenu un \u00ab lubrifiant social \u00bb. Walter en apporte un vibrant t\u00e9moignage. Pour raconter son histoire, il utilise tout ce qu&rsquo;il trouve dans une poubelle (briques de lait, canettes, chaussures, livres, peluches&#8230;). <strong>Entre conte surr\u00e9aliste et th\u00e9\u00e2tre d&rsquo;objets, la performance d&rsquo;Antoine Meunier<\/strong>, d\u00e9couverte lors de sa cr\u00e9ation, en 2015, au festival d&rsquo;Aurillac, <strong>est insolite<\/strong>. <strong>Avec un humour imparable et des gags irr\u00e9sistibles, il anime cette fable domestique refl\u00e9tant une soci\u00e9t\u00e9 qui part \u00e0 la d\u00e9rive<\/strong>.<\/p>\n<p>Thierry Voisin. TELERAMA \/ Juin 2017<\/p>\n<p>&nbsp;<\/p>\n<strong>\u00ab Ami(s) \u00bb interroge : L&rsquo;Homme est-il le meilleur ami du chien ? <\/strong><br \/>\nAvec Ami(s), de Groupe D\u00e9j\u00e0, vous ne verrez plus les chiens comme avant. Un spectacle \u00e0 ne pas manquer.<br \/>\nAvec le spectacle Ami(s), Walter, un chien, raconte comment il per\u00e7oit les humains. Et le moins que l&rsquo;on puisse dire, c&rsquo;est qu&rsquo;il ne fait pas dans la demi-mesure\u00a0! \u00ab\u00a0<em>Le chien est le meilleur ami de l&rsquo;Homme\u00a0! Vous nous avez demand\u00e9 \u00e0 nous si l&rsquo;Homme est le meilleur ami du chien\u00a0?<\/em>\u00a0\u00bb, demande celui qui a comme pote un \u00ab\u00a0<em>chien \u00e0 punk<\/em>\u00a0\u00bb et qui vient de quitter son humain. Walter se pose beaucoup de questions concernant les relations et rituels des humains\u00a0et adore les vacances\u00a0: \u00ab\u00a0<em>c&rsquo;est vraiment l\u00e0 que vous \u00eates le plus proches de nous, vous pensez qu&rsquo;\u00e0 bouffer, dormir et copuler<\/em>\u00a0\u00bb.<br \/>\nAmi(s), par un regard tr\u00e8s d\u00e9cal\u00e9 sur l&rsquo;esp\u00e8ce humaine, n&rsquo;a pas manqu\u00e9 de faire rire les spectateurs durant la repr\u00e9sentation \u00e0 laquelle a assist\u00e9 Info-chalon.com. Si l&rsquo;histoire pourrait changer votre vision des chiens, elle pourrait surtout changer votre perception des humains. Un spectacle \u00e0 ne pas manquer\u00a0!\n<p>Journal INFO-CHALON\u00a0\u00e0 \u00ab\u00a0Chalon dans la rue\u00a0\u00bb \/ Juillet 2016<\/p>\n<p>&nbsp;<\/p>\n<p><strong>\u00ab\u00a0L&rsquo;humour d\u00e9capant de Groupe D\u00e9j\u00e0 fait mouche\u00a0\u00bb <\/strong>&#8230; avec sa nouvelle cr\u00e9ation <em>Ami (s)<\/em> les spectateurs ont pu s&rsquo;interroger sur la notion d&rsquo;amiti\u00e9 \u00e0 notre \u00e9poque et se reconna\u00eetre (peut-\u00eatre ?) dans leur comportement social. Un spectacle \u00e0 voir sans mod\u00e9ration.<\/p>\n<p>Ouest France \/ Janvier 2016<\/p>\n<h3>\n\t\t<a href=\"https:\/\/groupedeja.com\/wp-content\/uploads\/2022\/07\/Dossier-de-presse-AMIS-2022.pdf\" title=\"T\u00e9l\u00e9chargez la revue de presse de &quot;AMI(S)&quot;\"  target=\"_self\">\n\t\t\tT\u00e9l\u00e9chargez la revue de presse de \u00ab\u00a0AMI(S)\u00a0\u00bb\t\t<\/a>\n\t<\/h3>\n<h2>\n\t\t\tSoutiens et accueils en r\u00e9sidence \u00ab\u00a0AMI(S)\u00a0\u00bb\t<\/h2>\n\t<p><strong><u>R\u00e9sidences de cr\u00e9ation <\/u><\/strong>:<\/p>\n<em>Th\u00e9\u00e2tre Les Yolles<\/em> &#8211; Notre Dame de Monts &#8211; La D\u00e9ferlante (85)<br \/>\n<em>Th\u00e9\u00e2tre Epidaure<\/em> &#8211; Bouloire (72)<br \/>\n<em>La Fonderie <\/em>&#8211; Le Mans (72)<br \/>\n<em>MJC Pr\u00e9vert <\/em>&#8211; Le Mans (72)<br \/>\n<em>Th\u00e9\u00e2tre de l&rsquo;Eclu<\/em><em>se<\/em> &#8211; Le Mans (72)<br \/>\n<em>Le Th\u00e9\u00e2tre en bois<\/em> &#8211; Angers (49)<br \/>\n<em>Centre St Christophe &#8211; <\/em>Chapelle St Aubin (72)<br \/>\n<em>L&rsquo;espace du Narais<\/em> &#8211; Saint-Mars-la-Bri\u00e8re (72)<br \/>\n<em>Centre Val de Vray<\/em> &#8211; Saint Saturnin (72)\n<h3>\n\t\t\tD\u00e9j\u00e0 160 repr\u00e9sentations de \u00ab\u00a0AMI(S)\u00a0\u00bb en France !\t<\/h3>\n<h3>\n\t\t\tPhotographies de \u00ab\u00a0AMI(S)\u00a0\u00bb\t<\/h3>\n\t\t\t<a href=\"https:\/\/groupedeja.com\/index.php\/spectacles\/\" target=\"_self\">\n\t\t\t\t\t\t\tRetour page \u00ab\u00a0Spectacles\u00a0\u00bb\n\t\t\t\t\t<\/a>\n\n","protected":false},"excerpt":{"rendered":"<p>AMI(S) AMI(S) Th\u00e9\u00e2tre &#8211; Interrogation canine et manipulation d&rsquo;objets Il parait que le temps qui passe, nos obligations, nos \u00e9crans et nos sachets de soupe individuels interf\u00e8rent sur l&rsquo;amiti\u00e9 ! Il parait que le chien reste le meilleur ami de l&rsquo;homme ! Pour parler d&rsquo;amiti\u00e9, donnons-lui la parole ! Un solo de th\u00e9\u00e2tre et de&hellip;<\/p>\n","protected":false},"author":1,"featured_media":0,"parent":0,"menu_order":0,"comment_status":"closed","ping_status":"closed","template":"","meta":{"footnotes":""},"class_list":["post-58","page","type-page","status-publish","hentry"],"_links":{"self":[{"href":"https:\/\/groupedeja.com\/index.php\/wp-json\/wp\/v2\/pages\/58","targetHints":{"allow":["GET"]}}],"collection":[{"href":"https:\/\/groupedeja.com\/index.php\/wp-json\/wp\/v2\/pages"}],"about":[{"href":"https:\/\/groupedeja.com\/index.php\/wp-json\/wp\/v2\/types\/page"}],"author":[{"embeddable":true,"href":"https:\/\/groupedeja.com\/index.php\/wp-json\/wp\/v2\/users\/1"}],"replies":[{"embeddable":true,"href":"https:\/\/groupedeja.com\/index.php\/wp-json\/wp\/v2\/comments?post=58"}],"version-history":[{"count":43,"href":"https:\/\/groupedeja.com\/index.php\/wp-json\/wp\/v2\/pages\/58\/revisions"}],"predecessor-version":[{"id":3115,"href":"https:\/\/groupedeja.com\/index.php\/wp-json\/wp\/v2\/pages\/58\/revisions\/3115"}],"wp:attachment":[{"href":"https:\/\/groupedeja.com\/index.php\/wp-json\/wp\/v2\/media?parent=58"}],"curies":[{"name":"wp","href":"https:\/\/api.w.org\/{rel}","templated":true}]}}