{"id":60,"date":"2018-10-14T15:51:05","date_gmt":"2018-10-14T13:51:05","guid":{"rendered":"https:\/\/groupedeja.com\/?page_id=60"},"modified":"2022-07-07T12:51:19","modified_gmt":"2022-07-07T10:51:19","slug":"les-raccrocheurs","status":"publish","type":"page","link":"https:\/\/groupedeja.com\/index.php\/les-raccrocheurs\/","title":{"rendered":"Les Raccrocheurs"},"content":{"rendered":"\n<h1>\n\t\tLes Raccrocheurs\n\t<\/h1>\n<h3>\n\t\tLes Raccrocheurs \/ th\u00e9\u00e2tre invisible\n\t<\/h3>\n\t\t\t\t<img loading=\"lazy\" decoding=\"async\" src=\"https:\/\/groupedeja.com\/wp-content\/uploads\/2019\/11\/Les_Raccrocheurs-Groupe-Deja-1_web.jpg\" alt=\"Les Raccrocheurs - Groupe D\u00e9j\u00e0 \/ th\u00e9\u00e2tre invisible \/ Decrochage scolaire\" itemprop=\"image\" height=\"473\" width=\"750\" title=\"Les_Raccrocheurs-Groupe-Deja-1_web\" onerror=\"this.style.display='none'\"  \/>\n\t<p>&nbsp;<\/p>\n<strong>Th\u00e9\u00e2tre invisible pour classes de lyc\u00e9e ou fin de coll\u00e8ge<\/strong><br \/>\nUne intervention-spectacle de th\u00e9\u00e2tre invisible con\u00e7ue pour les classes de lyc\u00e9e ou de coll\u00e8ge. Plus particuli\u00e8rement pour les classes de seconde ou de troisi\u00e8me. Un com\u00e9dien entre 30 et 45 ans interpr\u00e8te un \u00e9l\u00e8ve raccrocheur qui reprend sa scolarit\u00e9 apr\u00e8s un \u00e9chec de vie professionnelle et personnelle. Nous sommes le jour de son int\u00e9gration en classe&#8230; une matin\u00e9e de cours pas comme les autres&#8230;<br \/>\nUn moment singulier qui bouscule la vie d&rsquo;une classe, questionne et laisse r\u00e9fl\u00e9chir.<br \/>\nUne intervention qui laisse un souvenir ind\u00e9l\u00e9bile.<br \/>\nUne petite pierre \u00e0 l&rsquo;\u00e9difice de la lutte contre le d\u00e9crochage scolaire.\n<h3>\n\t\tT\u00e9l\u00e9chargez le dossier artistique\/pedagogique de \u00ab\u00a0Les Raccrocheurs\u00a0\u00bb\n\t<\/h3>\n\t<strong>Note d&rsquo;intention \u00ab Les Raccrocheurs \u00bb<\/strong><br \/>\nPendant quelques heures, des com\u00e9diens ou\/et des com\u00e9diennes jouent le r\u00f4le d&rsquo;anciens d\u00e9crocheurs qui reprennent leur cursus scolaire \u00e0 l&rsquo;\u00e2ge adulte. Sans en avoir \u00e9t\u00e9 avertis \u00e0 l&rsquo;avance, les \u00e9l\u00e8ves de plusieurs classes assistent, \u00e0 leur insu, \u00e0 une intervention th\u00e9\u00e2trale. Aujourd&rsquo;hui, un nouveau arrive dans la classe et cela jusqu&rsquo;\u00e0 la date de l&rsquo;examen final (Bac ou Brevet des coll\u00e8ges). Tout se passe comme d&rsquo;habitude au niveau des cours. Le nouvel \u00e9l\u00e8ve raccrocheur aura cependant la parole durant quelques minutes d&rsquo;un cours pour parler de lui. Pourquoi a-t-il d\u00e9croch\u00e9 \u00e0 l&rsquo;\u00e9poque. Comment a-t-il v\u00e9cu depuis. Pourquoi raccroche-t-il. Une r\u00e9cr\u00e9ation permettra aux \u00e9l\u00e8ves de faire plus ample connaissance. Et \u00e0 l&rsquo;issue de la matin\u00e9e de cours, les \u00e9l\u00e8ves d\u00e9couvrent qu&rsquo;ils viennent d&rsquo;assister \u00e0 une intervention-spectacle, o\u00f9 ils ont \u00e9t\u00e9 plus que spectateurs. Une rencontre-d\u00e9bat entre les \u00e9l\u00e8ves, le com\u00e9dien et le professeur commence alors. Une mani\u00e8re originale et efficace d&rsquo;amener \u00e0 une prise de conscience sur les enjeux du d\u00e9crochage scolaire.\n\t\t\t\t<img loading=\"lazy\" decoding=\"async\" src=\"https:\/\/groupedeja.com\/wp-content\/uploads\/2019\/11\/Les_Raccrocheurs-Groupe-Deja-2_web.jpg\" alt=\"Les Raccrocheurs - Groupe D\u00e9j\u00e0 \/ th\u00e9\u00e2tre invisible \/ Decrochage scolaire\" itemprop=\"image\" height=\"485\" width=\"750\" title=\"Les_Raccrocheurs-Groupe-Deja-2_web\" onerror=\"this.style.display='none'\"  \/>\n\t\t\t\t<img loading=\"lazy\" decoding=\"async\" src=\"https:\/\/groupedeja.com\/wp-content\/uploads\/2019\/11\/Les_Raccrocheurs-Groupe-Deja_3_web.jpg\" alt=\"Les Raccrocheurs - Groupe D\u00e9j\u00e0 \/ th\u00e9\u00e2tre invisible \/ Decrochage scolaire\" itemprop=\"image\" height=\"473\" width=\"750\" title=\"Les_Raccrocheurs-Groupe-Deja_3_web\" onerror=\"this.style.display='none'\"  \/>\n\t<p>Au del\u00e0 de la sensibilisation \u00e0 la n\u00e9cessit\u00e9 de s&rsquo;accrocher au cursus scolaire, <strong>notre objectif avec cette intervention est de faire entrer le \u00ab th\u00e9\u00e2tre \u00bb \u00e0 l&rsquo;int\u00e9rieur de l&rsquo;\u00e9cole, l\u00e0 o\u00f9 on ne l&rsquo;attend pas et de proposer une forme th\u00e9\u00e2trale que les \u00e9l\u00e8ves ne connaissent pas : le th\u00e9\u00e2tre invisible.<\/strong><\/p>\n<p>&nbsp;<\/p>\n<p>&nbsp;<\/p>\n<p><strong>Ecriture et direction du projet : S\u00e9bastian Lazennec et Antoine Meunier<\/strong><\/p>\nAvec S\u00e9bastian Lazennec, Antoine Meunier, Erwan Barbier, Caroline Coust\u00e8re, Delphine Aranega, Carole Montily, Guillaume Derouinneau&#8230;<br \/>\nEt d&rsquo;autres com\u00e9dien.ne.s si besoin&#8230;\n\t<strong>Les \u00e9l\u00e8ves en parlent encore<\/strong><br \/>\n\u00ab\u00a0Jamais je ne veux \u00eatre comme lui ! \u00ab\u00a0<br \/>\n<strong>Mathias 15 ans<\/strong>. Seconde 1.\n\u00ab\u00a0J&rsquo;ai \u00e9t\u00e9 bluff\u00e9 ! c&rsquo;\u00e9tait g\u00e9nial ! \u00ab\u00a0<br \/>\n<strong>Elise 15 ans<\/strong>. Seconde 1.\n<p>&nbsp;<\/p>\n<strong>L&rsquo;\u00e9quipe p\u00e9dagogique en parle aussi<\/strong><br \/>\n\u00ab\u00a0C&rsquo;est la premi\u00e8re fois que je vois mes \u00e9l\u00e8ves faire preuve d&rsquo;autant d&#8217;empathie et d&rsquo;humanit\u00e9 face \u00e0 un adulte\u00a0\u00bb.<br \/>\n<strong>Un proviseur adjoint<\/strong>\n\u00ab\u00a0Moments forts partag\u00e9s ce matin avec les \u00e9l\u00e8ves et les com\u00e9diens autour de ce th\u00e8me. Cela a \u00e9t\u00e9 aussi l&rsquo;occasion de d\u00e9couvrir l&rsquo;immense capacit\u00e9 d&rsquo;adaptation des \u00e9l\u00e8ves, leur g\u00e9n\u00e9rosit\u00e9, leur sensibilit\u00e9. \u00ab\u00a0<br \/>\n<strong>Un professeur principal<\/strong>\n\t\t\t\t<img loading=\"lazy\" decoding=\"async\" src=\"https:\/\/groupedeja.com\/wp-content\/uploads\/2019\/06\/Les-Raccrocheurs-Groupe-Deja-Lycee-Sainte-Croix-Saint-Charles-5-avril-2017.jpg\" alt=\"Les Raccrocheurs - Groupe D\u00e9j\u00e0 \/ th\u00e9\u00e2tre invisible \/ Decrochage scolaire\" itemprop=\"image\" height=\"634\" width=\"750\" title=\"Les-Raccrocheurs-Groupe-Deja-Lycee-Sainte-Croix-Saint-Charles-5-avril-2017\" onerror=\"this.style.display='none'\"  \/>\n\t\t\t<a href=\"https:\/\/groupedeja.com\/index.php\/spectacles\/\" target=\"_self\" role=\"button\" rel=\"noopener noreferrer\">\n\t\t\t\t\t\t\tRetour page \u00ab\u00a0Spectacles\u00a0\u00bb\n\t\t\t\t\t<\/a>\n\n","protected":false},"excerpt":{"rendered":"<p>Les Raccrocheurs Les Raccrocheurs \/ th\u00e9\u00e2tre invisible &nbsp; Th\u00e9\u00e2tre invisible pour classes de lyc\u00e9e ou fin de coll\u00e8ge Une intervention-spectacle de th\u00e9\u00e2tre invisible con\u00e7ue pour les classes de lyc\u00e9e ou de coll\u00e8ge. Plus particuli\u00e8rement pour les classes de seconde ou de troisi\u00e8me. Un com\u00e9dien entre 30 et 45 ans interpr\u00e8te un \u00e9l\u00e8ve raccrocheur qui reprend&hellip;<\/p>\n","protected":false},"author":1,"featured_media":0,"parent":0,"menu_order":0,"comment_status":"closed","ping_status":"closed","template":"","meta":{"footnotes":""},"class_list":["post-60","page","type-page","status-publish","hentry"],"_links":{"self":[{"href":"https:\/\/groupedeja.com\/index.php\/wp-json\/wp\/v2\/pages\/60","targetHints":{"allow":["GET"]}}],"collection":[{"href":"https:\/\/groupedeja.com\/index.php\/wp-json\/wp\/v2\/pages"}],"about":[{"href":"https:\/\/groupedeja.com\/index.php\/wp-json\/wp\/v2\/types\/page"}],"author":[{"embeddable":true,"href":"https:\/\/groupedeja.com\/index.php\/wp-json\/wp\/v2\/users\/1"}],"replies":[{"embeddable":true,"href":"https:\/\/groupedeja.com\/index.php\/wp-json\/wp\/v2\/comments?post=60"}],"version-history":[{"count":20,"href":"https:\/\/groupedeja.com\/index.php\/wp-json\/wp\/v2\/pages\/60\/revisions"}],"predecessor-version":[{"id":1539,"href":"https:\/\/groupedeja.com\/index.php\/wp-json\/wp\/v2\/pages\/60\/revisions\/1539"}],"wp:attachment":[{"href":"https:\/\/groupedeja.com\/index.php\/wp-json\/wp\/v2\/media?parent=60"}],"curies":[{"name":"wp","href":"https:\/\/api.w.org\/{rel}","templated":true}]}}