{"id":9,"date":"2018-10-14T15:15:51","date_gmt":"2018-10-14T13:15:51","guid":{"rendered":"https:\/\/groupedeja.com\/?page_id=9"},"modified":"2025-07-30T16:43:38","modified_gmt":"2025-07-30T14:43:38","slug":"accueil","status":"publish","type":"page","link":"https:\/\/groupedeja.com\/","title":{"rendered":"Accueil"},"content":{"rendered":"\n\n\t\t\t\t<img decoding=\"async\" src=\"https:\/\/groupedeja.com\/wp-content\/uploads\/2019\/06\/GroupeDejaLogoWhite_200px.png\" alt=\"Groupe Deja Logo\" itemprop=\"image\" height=\"250\" width=\"480\" title=\"GroupeDejaLogoWhite_200px\" onerror=\"this.style.display='none'\" loading='lazy' \/>\n<h1>\n\t\t\tDu th\u00e9\u00e2tre pour de vrai\t<\/h1>\n\tBienvenue sur le site de<br \/>\nGroupe D\u00e9j\u00e0 \/ S\u00e9bastian Lazennec\n\t\t\t<a href=\"https:\/\/groupedeja.com\/index.php\/presentation\/\" target=\"_self\">\n\t\t\t\t\t\t\tEntrez\n\t\t\t\t\t<\/a>\n\n","protected":false},"excerpt":{"rendered":"<p>Du th\u00e9\u00e2tre pour de vrai Bienvenue sur le site de Groupe D\u00e9j\u00e0 \/ S\u00e9bastian Lazennec Entrez<\/p>\n","protected":false},"author":1,"featured_media":0,"parent":0,"menu_order":0,"comment_status":"closed","ping_status":"closed","template":"","meta":{"footnotes":""},"class_list":["post-9","page","type-page","status-publish","hentry"],"_links":{"self":[{"href":"https:\/\/groupedeja.com\/index.php\/wp-json\/wp\/v2\/pages\/9","targetHints":{"allow":["GET"]}}],"collection":[{"href":"https:\/\/groupedeja.com\/index.php\/wp-json\/wp\/v2\/pages"}],"about":[{"href":"https:\/\/groupedeja.com\/index.php\/wp-json\/wp\/v2\/types\/page"}],"author":[{"embeddable":true,"href":"https:\/\/groupedeja.com\/index.php\/wp-json\/wp\/v2\/users\/1"}],"replies":[{"embeddable":true,"href":"https:\/\/groupedeja.com\/index.php\/wp-json\/wp\/v2\/comments?post=9"}],"version-history":[{"count":56,"href":"https:\/\/groupedeja.com\/index.php\/wp-json\/wp\/v2\/pages\/9\/revisions"}],"predecessor-version":[{"id":3038,"href":"https:\/\/groupedeja.com\/index.php\/wp-json\/wp\/v2\/pages\/9\/revisions\/3038"}],"wp:attachment":[{"href":"https:\/\/groupedeja.com\/index.php\/wp-json\/wp\/v2\/media?parent=9"}],"curies":[{"name":"wp","href":"https:\/\/api.w.org\/{rel}","templated":true}]}}